{"id":82,"date":"2022-09-29T21:46:45","date_gmt":"2022-09-29T19:46:45","guid":{"rendered":"http:\/\/elmpmlx.cluster031.hosting.ovh.net\/?page_id=82"},"modified":"2024-03-05T19:56:13","modified_gmt":"2024-03-05T18:56:13","slug":"infos-pratiques","status":"publish","type":"page","link":"https:\/\/www.voyageenlivres.com\/index.php\/infos-pratiques\/","title":{"rendered":"Infos pratiques"},"content":{"rendered":"\t\t<div data-elementor-type=\"wp-page\" data-elementor-id=\"82\" class=\"elementor elementor-82\">\n\t\t\t\t\t\t\t\t\t<section class=\"elementor-section elementor-top-section elementor-element elementor-element-8aa7b4c elementor-section-boxed elementor-section-height-default elementor-section-height-default\" data-id=\"8aa7b4c\" data-element_type=\"section\">\n\t\t\t\t\t\t<div class=\"elementor-container elementor-column-gap-default\">\n\t\t\t\t\t<div class=\"elementor-column elementor-col-100 elementor-top-column elementor-element elementor-element-fa9576e\" data-id=\"fa9576e\" data-element_type=\"column\">\n\t\t\t<div class=\"elementor-widget-wrap elementor-element-populated\">\n\t\t\t\t\t\t\t\t<div class=\"elementor-element elementor-element-e4a8f97 elementor-widget elementor-widget-text-editor\" data-id=\"e4a8f97\" data-element_type=\"widget\" data-widget_type=\"text-editor.default\">\n\t\t\t\t<div class=\"elementor-widget-container\">\n\t\t\t<style>\/*! elementor - v3.6.6 - 08-06-2022 *\/\n.elementor-widget-text-editor.elementor-drop-cap-view-stacked .elementor-drop-cap{background-color:#818a91;color:#fff}.elementor-widget-text-editor.elementor-drop-cap-view-framed .elementor-drop-cap{color:#818a91;border:3px solid;background-color:transparent}.elementor-widget-text-editor:not(.elementor-drop-cap-view-default) .elementor-drop-cap{margin-top:8px}.elementor-widget-text-editor:not(.elementor-drop-cap-view-default) .elementor-drop-cap-letter{width:1em;height:1em}.elementor-widget-text-editor .elementor-drop-cap{float:left;text-align:center;line-height:1;font-size:50px}.elementor-widget-text-editor .elementor-drop-cap-letter{display:inline-block}<\/style>\t\t\t\t<p><strong>Prochaines dates<\/strong><\/p>\n<p>Samedi 13 et Dimanche 14 Avril 2024<br>de 10h00 \u00e0 18h00<\/p>\n<p>Salle des F\u00eates<br>80 rue Lamartine<br>71800 LA CLAYETTE<br><\/p>\n<p>Entr\u00e9e et animations gratuites<\/p>\n<p><a href=\"https:\/\/www.voyageenlivres.com\/index.php\/lieux\/\" target=\"_blank\">Lieux<\/a><\/p>\n<p><a href=\"https:\/\/www.voyageenlivres.com\/index.php\/acces\/\" target=\"_blank\">Acc\u00e8s<\/a><\/p>\n<p><a href=\"https:\/\/www.voyageenlivres.com\/index.php\/le-village\/\" target=\"_blank\">Village gourmand<\/a><\/p>\n<p><a href=\"https:\/\/www.voyageenlivres.com\/index.php\/visite-pmr\/\" target=\"_blank\">Visite guid\u00e9e du salon pour Personnes \u00e0 Mobilit\u00e9 R\u00e9duite<\/a><\/p>\n<p><a href=\"https:\/\/www.voyageenlivres.com\/index.php\/contact\/\" target=\"_blank\">Contact<\/a><\/p>\n<p><br><\/p>\n<p><br><\/p>\n<p><br><\/p>\n<p><br><\/p>\t\t\t\t\t\t<\/div>\n\t\t\t\t<\/div>\n\t\t\t\t\t<\/div>\n\t\t<\/div>\n\t\t\t\t\t\t\t<\/div>\n\t\t<\/section>\n\t\t\t\t<section class=\"elementor-section elementor-top-section elementor-element elementor-element-d0b4aa3 elementor-section-boxed elementor-section-height-default elementor-section-height-default\" data-id=\"d0b4aa3\" data-element_type=\"section\">\n\t\t\t\t\t\t<div class=\"elementor-container elementor-column-gap-default\">\n\t\t\t\t\t<div class=\"elementor-column elementor-col-100 elementor-top-column elementor-element elementor-element-cc498bc\" data-id=\"cc498bc\" data-element_type=\"column\">\n\t\t\t<div class=\"elementor-widget-wrap elementor-element-populated\">\n\t\t\t\t\t\t\t\t<div class=\"elementor-element elementor-element-b0bfaf3 elementor-widget elementor-widget-spacer\" data-id=\"b0bfaf3\" data-element_type=\"widget\" data-widget_type=\"spacer.default\">\n\t\t\t\t<div class=\"elementor-widget-container\">\n\t\t\t<style>\/*! elementor - v3.6.6 - 08-06-2022 *\/\n.e-container.e-container--row .elementor-spacer-inner{width:var(--spacer-size)}.e-container.e-container--column .elementor-spacer-inner,.elementor-column .elementor-spacer-inner{height:var(--spacer-size)}<\/style>\t\t<div class=\"elementor-spacer\">\n\t\t\t<div class=\"elementor-spacer-inner\"><\/div>\n\t\t<\/div>\n\t\t\t\t<\/div>\n\t\t\t\t<\/div>\n\t\t\t\t\t<\/div>\n\t\t<\/div>\n\t\t\t\t\t\t\t<\/div>\n\t\t<\/section>\n\t\t\t\t<section class=\"elementor-section elementor-top-section elementor-element elementor-element-5239bc5 elementor-section-boxed elementor-section-height-default elementor-section-height-default\" data-id=\"5239bc5\" data-element_type=\"section\">\n\t\t\t\t\t\t<div class=\"elementor-container elementor-column-gap-default\">\n\t\t\t\t\t<div class=\"elementor-column elementor-col-100 elementor-top-column elementor-element elementor-element-04aa01d\" data-id=\"04aa01d\" data-element_type=\"column\">\n\t\t\t<div class=\"elementor-widget-wrap elementor-element-populated\">\n\t\t\t\t\t\t\t\t<div class=\"elementor-element elementor-element-8a6bddb elementor-widget elementor-widget-image\" data-id=\"8a6bddb\" data-element_type=\"widget\" data-widget_type=\"image.default\">\n\t\t\t\t<div class=\"elementor-widget-container\">\n\t\t\t<style>\/*! elementor - v3.6.6 - 08-06-2022 *\/\n.elementor-widget-image{text-align:center}.elementor-widget-image a{display:inline-block}.elementor-widget-image a img[src$=\".svg\"]{width:48px}.elementor-widget-image img{vertical-align:middle;display:inline-block}<\/style>\t\t\t\t\t\t\t\t\t\t\t\t<img width=\"618\" height=\"498\" src=\"https:\/\/www.voyageenlivres.com\/wp-content\/uploads\/2024\/03\/417487129_391135146621683_1749936685327107962_n.jpg\" class=\"attachment-large size-large\" alt=\"\" loading=\"lazy\" srcset=\"https:\/\/www.voyageenlivres.com\/wp-content\/uploads\/2024\/03\/417487129_391135146621683_1749936685327107962_n.jpg 618w, https:\/\/www.voyageenlivres.com\/wp-content\/uploads\/2024\/03\/417487129_391135146621683_1749936685327107962_n-300x242.jpg 300w\" sizes=\"100vw\" \/>\t\t\t\t\t\t\t\t\t\t\t\t\t\t\t<\/div>\n\t\t\t\t<\/div>\n\t\t\t\t\t<\/div>\n\t\t<\/div>\n\t\t\t\t\t\t\t<\/div>\n\t\t<\/section>\n\t\t\t\t\t\t\t<\/div>\n\t\t","protected":false},"excerpt":{"rendered":"<p>Prochaines dates Samedi 13 et Dimanche 14 Avril 2024de 10h00 \u00e0 18h00 Salle des F\u00eates80 rue Lamartine71800 LA CLAYETTE Entr\u00e9e et animations gratuites Lieux Acc\u00e8s Village gourmand Visite guid\u00e9e du salon pour Personnes \u00e0 Mobilit\u00e9 R\u00e9duite Contact<\/p>\n","protected":false},"author":1,"featured_media":0,"parent":0,"menu_order":0,"comment_status":"closed","ping_status":"closed","template":"","meta":[],"_links":{"self":[{"href":"https:\/\/www.voyageenlivres.com\/index.php\/wp-json\/wp\/v2\/pages\/82"}],"collection":[{"href":"https:\/\/www.voyageenlivres.com\/index.php\/wp-json\/wp\/v2\/pages"}],"about":[{"href":"https:\/\/www.voyageenlivres.com\/index.php\/wp-json\/wp\/v2\/types\/page"}],"author":[{"embeddable":true,"href":"https:\/\/www.voyageenlivres.com\/index.php\/wp-json\/wp\/v2\/users\/1"}],"replies":[{"embeddable":true,"href":"https:\/\/www.voyageenlivres.com\/index.php\/wp-json\/wp\/v2\/comments?post=82"}],"version-history":[{"count":88,"href":"https:\/\/www.voyageenlivres.com\/index.php\/wp-json\/wp\/v2\/pages\/82\/revisions"}],"predecessor-version":[{"id":3007,"href":"https:\/\/www.voyageenlivres.com\/index.php\/wp-json\/wp\/v2\/pages\/82\/revisions\/3007"}],"wp:attachment":[{"href":"https:\/\/www.voyageenlivres.com\/index.php\/wp-json\/wp\/v2\/media?parent=82"}],"curies":[{"name":"wp","href":"https:\/\/api.w.org\/{rel}","templated":true}]}}