{"id":49,"date":"2022-09-29T20:07:55","date_gmt":"2022-09-29T18:07:55","guid":{"rendered":"http:\/\/elmpmlx.cluster031.hosting.ovh.net\/?page_id=49"},"modified":"2025-10-27T11:43:05","modified_gmt":"2025-10-27T10:43:05","slug":"escales","status":"publish","type":"page","link":"https:\/\/www.voyageenlivres.com\/index.php\/escales\/","title":{"rendered":"Les Escales en Livres"},"content":{"rendered":"\t\t<div data-elementor-type=\"wp-page\" data-elementor-id=\"49\" class=\"elementor elementor-49\">\n\t\t\t\t\t\t\t\t\t<section class=\"elementor-section elementor-top-section elementor-element elementor-element-81b3674 elementor-section-boxed elementor-section-height-default elementor-section-height-default\" data-id=\"81b3674\" data-element_type=\"section\">\n\t\t\t\t\t\t<div class=\"elementor-container elementor-column-gap-default\">\n\t\t\t\t\t<div class=\"elementor-column elementor-col-100 elementor-top-column elementor-element elementor-element-6f7f33a\" data-id=\"6f7f33a\" data-element_type=\"column\">\n\t\t\t<div class=\"elementor-widget-wrap elementor-element-populated\">\n\t\t\t\t\t\t\t\t<div class=\"elementor-element elementor-element-0b8e50b elementor-widget elementor-widget-text-editor\" data-id=\"0b8e50b\" data-element_type=\"widget\" data-widget_type=\"text-editor.default\">\n\t\t\t\t<div class=\"elementor-widget-container\">\n\t\t\t<style>\/*! elementor - v3.6.6 - 08-06-2022 *\/\n.elementor-widget-text-editor.elementor-drop-cap-view-stacked .elementor-drop-cap{background-color:#818a91;color:#fff}.elementor-widget-text-editor.elementor-drop-cap-view-framed .elementor-drop-cap{color:#818a91;border:3px solid;background-color:transparent}.elementor-widget-text-editor:not(.elementor-drop-cap-view-default) .elementor-drop-cap{margin-top:8px}.elementor-widget-text-editor:not(.elementor-drop-cap-view-default) .elementor-drop-cap-letter{width:1em;height:1em}.elementor-widget-text-editor .elementor-drop-cap{float:left;text-align:center;line-height:1;font-size:50px}.elementor-widget-text-editor .elementor-drop-cap-letter{display:inline-block}<\/style>\t\t\t\t<p>Les Escales en livres sont des \u00e9tapes qui conduisent le lecteur et le curieux jusqu\u2019au salon Voyage en Livres.<\/p><p>Elles consistent en des moments litt\u00e9raires vari\u00e9s : rencontres avec auteurs, \u00e9diteurs, d\u00e9dicaces, conf\u00e9rences, lectures\u2026 Elles parcourent le territoire de la Communaut\u00e9 de Commune Brionnais Sud Bourgogne en et occasionnellement des communes limitrophes. Les \u00e9tapes ont pour but de cr\u00e9er une dynamique autour du livre, tout au long de l\u2019ann\u00e9e, et de soutenir ce lien. Le Petit Rameur s\u2019associe pour cela \u00e0 une association ou une collectivit\u00e9 pour organiser ses escales.<\/p><p>Travailler avec nous sur un projet d&rsquo;escale?\u00a0<a href=\"http:\/\/www.voyageenlivres.com\/index.php\/contact\/\" target=\"_blank\" rel=\"noopener\">Nous contacter<\/a>.<\/p><p>\u00a0<\/p>\t\t\t\t\t\t<\/div>\n\t\t\t\t<\/div>\n\t\t\t\t\t<\/div>\n\t\t<\/div>\n\t\t\t\t\t\t\t<\/div>\n\t\t<\/section>\n\t\t\t\t<section class=\"elementor-section elementor-top-section elementor-element elementor-element-deafe70 elementor-section-boxed elementor-section-height-default elementor-section-height-default\" data-id=\"deafe70\" data-element_type=\"section\">\n\t\t\t\t\t\t<div class=\"elementor-container elementor-column-gap-default\">\n\t\t\t\t\t<div class=\"elementor-column elementor-col-100 elementor-top-column elementor-element elementor-element-5231ab3\" data-id=\"5231ab3\" data-element_type=\"column\">\n\t\t\t<div class=\"elementor-widget-wrap elementor-element-populated\">\n\t\t\t\t\t\t\t\t<div class=\"elementor-element elementor-element-687e215 elementor-widget elementor-widget-text-editor\" data-id=\"687e215\" data-element_type=\"widget\" data-widget_type=\"text-editor.default\">\n\t\t\t\t<div class=\"elementor-widget-container\">\n\t\t\t\t\t\t\t<p><b>Prochaine Escale : <\/b><br \/>f\u00e9vrier \/ mars 2026 (date \u00e0 fixer)<\/p><p>\u00a0<\/p><p><b>Anciennes Escales :<\/b><br \/>voir <a href=\"http:\/\/www.voyageenlivres.com\/index.php\/archives\/\" target=\"_blank\" rel=\"noopener\">Archives<\/a><\/p>\t\t\t\t\t\t<\/div>\n\t\t\t\t<\/div>\n\t\t\t\t\t<\/div>\n\t\t<\/div>\n\t\t\t\t\t\t\t<\/div>\n\t\t<\/section>\n\t\t\t\t<section class=\"elementor-section elementor-top-section elementor-element elementor-element-383eece elementor-section-boxed elementor-section-height-default elementor-section-height-default\" data-id=\"383eece\" data-element_type=\"section\">\n\t\t\t\t\t\t<div class=\"elementor-container elementor-column-gap-default\">\n\t\t\t\t\t<div class=\"elementor-column elementor-col-25 elementor-top-column elementor-element elementor-element-8fd21a4\" data-id=\"8fd21a4\" data-element_type=\"column\">\n\t\t\t<div class=\"elementor-widget-wrap elementor-element-populated\">\n\t\t\t\t\t\t\t\t<div class=\"elementor-element elementor-element-0ee2342 elementor-widget elementor-widget-image\" data-id=\"0ee2342\" data-element_type=\"widget\" data-widget_type=\"image.default\">\n\t\t\t\t<div class=\"elementor-widget-container\">\n\t\t\t<style>\/*! elementor - v3.6.6 - 08-06-2022 *\/\n.elementor-widget-image{text-align:center}.elementor-widget-image a{display:inline-block}.elementor-widget-image a img[src$=\".svg\"]{width:48px}.elementor-widget-image img{vertical-align:middle;display:inline-block}<\/style>\t\t\t\t\t\t\t\t\t\t\t\t<img width=\"950\" height=\"707\" src=\"https:\/\/www.voyageenlivres.com\/wp-content\/uploads\/2024\/03\/17218345_1407756975964803_849440886654076937_o-1024x762.jpg\" class=\"attachment-large size-large\" alt=\"\" loading=\"lazy\" srcset=\"https:\/\/www.voyageenlivres.com\/wp-content\/uploads\/2024\/03\/17218345_1407756975964803_849440886654076937_o-1024x762.jpg 1024w, https:\/\/www.voyageenlivres.com\/wp-content\/uploads\/2024\/03\/17218345_1407756975964803_849440886654076937_o-300x223.jpg 300w, https:\/\/www.voyageenlivres.com\/wp-content\/uploads\/2024\/03\/17218345_1407756975964803_849440886654076937_o-768x572.jpg 768w, https:\/\/www.voyageenlivres.com\/wp-content\/uploads\/2024\/03\/17218345_1407756975964803_849440886654076937_o.jpg 1440w\" sizes=\"100vw\" \/>\t\t\t\t\t\t\t\t\t\t\t\t\t\t\t<\/div>\n\t\t\t\t<\/div>\n\t\t\t\t<div class=\"elementor-element elementor-element-3ebd5db elementor-widget elementor-widget-image\" data-id=\"3ebd5db\" data-element_type=\"widget\" data-widget_type=\"image.default\">\n\t\t\t\t<div class=\"elementor-widget-container\">\n\t\t\t\t\t\t\t\t\t\t\t\t\t\t\t<img width=\"950\" height=\"713\" src=\"https:\/\/www.voyageenlivres.com\/wp-content\/uploads\/2024\/03\/23632351_1727732703967227_6020728677724394371_o-1024x768.jpg\" class=\"attachment-large size-large\" alt=\"\" loading=\"lazy\" srcset=\"https:\/\/www.voyageenlivres.com\/wp-content\/uploads\/2024\/03\/23632351_1727732703967227_6020728677724394371_o-1024x768.jpg 1024w, https:\/\/www.voyageenlivres.com\/wp-content\/uploads\/2024\/03\/23632351_1727732703967227_6020728677724394371_o-300x225.jpg 300w, https:\/\/www.voyageenlivres.com\/wp-content\/uploads\/2024\/03\/23632351_1727732703967227_6020728677724394371_o-768x576.jpg 768w, https:\/\/www.voyageenlivres.com\/wp-content\/uploads\/2024\/03\/23632351_1727732703967227_6020728677724394371_o.jpg 1440w\" sizes=\"100vw\" \/>\t\t\t\t\t\t\t\t\t\t\t\t\t\t\t<\/div>\n\t\t\t\t<\/div>\n\t\t\t\t\t<\/div>\n\t\t<\/div>\n\t\t\t\t<div class=\"elementor-column elementor-col-25 elementor-top-column elementor-element elementor-element-bde7f15\" data-id=\"bde7f15\" data-element_type=\"column\">\n\t\t\t<div class=\"elementor-widget-wrap elementor-element-populated\">\n\t\t\t\t\t\t\t\t<div class=\"elementor-element elementor-element-d0a28cc elementor-widget elementor-widget-image\" data-id=\"d0a28cc\" data-element_type=\"widget\" data-widget_type=\"image.default\">\n\t\t\t\t<div class=\"elementor-widget-container\">\n\t\t\t\t\t\t\t\t\t\t\t\t\t\t\t<img width=\"724\" height=\"1024\" src=\"https:\/\/www.voyageenlivres.com\/wp-content\/uploads\/2024\/03\/248342321_6253258388081280_506210696194665333_n-724x1024.jpg\" class=\"attachment-large size-large\" alt=\"\" loading=\"lazy\" srcset=\"https:\/\/www.voyageenlivres.com\/wp-content\/uploads\/2024\/03\/248342321_6253258388081280_506210696194665333_n-724x1024.jpg 724w, https:\/\/www.voyageenlivres.com\/wp-content\/uploads\/2024\/03\/248342321_6253258388081280_506210696194665333_n-212x300.jpg 212w, https:\/\/www.voyageenlivres.com\/wp-content\/uploads\/2024\/03\/248342321_6253258388081280_506210696194665333_n-768x1086.jpg 768w, https:\/\/www.voyageenlivres.com\/wp-content\/uploads\/2024\/03\/248342321_6253258388081280_506210696194665333_n-1086x1536.jpg 1086w, https:\/\/www.voyageenlivres.com\/wp-content\/uploads\/2024\/03\/248342321_6253258388081280_506210696194665333_n.jpg 1448w\" sizes=\"100vw\" \/>\t\t\t\t\t\t\t\t\t\t\t\t\t\t\t<\/div>\n\t\t\t\t<\/div>\n\t\t\t\t\t<\/div>\n\t\t<\/div>\n\t\t\t\t<div class=\"elementor-column elementor-col-25 elementor-top-column elementor-element elementor-element-86bddc5\" data-id=\"86bddc5\" data-element_type=\"column\">\n\t\t\t<div class=\"elementor-widget-wrap elementor-element-populated\">\n\t\t\t\t\t\t\t\t<div class=\"elementor-element elementor-element-195037b elementor-widget elementor-widget-image\" data-id=\"195037b\" data-element_type=\"widget\" data-widget_type=\"image.default\">\n\t\t\t\t<div class=\"elementor-widget-container\">\n\t\t\t\t\t\t\t\t\t\t\t\t\t\t\t<img width=\"724\" height=\"1024\" src=\"https:\/\/www.voyageenlivres.com\/wp-content\/uploads\/2024\/03\/Escale4-affiche-724x1024.jpg\" class=\"attachment-large size-large\" alt=\"\" loading=\"lazy\" srcset=\"https:\/\/www.voyageenlivres.com\/wp-content\/uploads\/2024\/03\/Escale4-affiche-724x1024.jpg 724w, https:\/\/www.voyageenlivres.com\/wp-content\/uploads\/2024\/03\/Escale4-affiche-212x300.jpg 212w, https:\/\/www.voyageenlivres.com\/wp-content\/uploads\/2024\/03\/Escale4-affiche-768x1086.jpg 768w, https:\/\/www.voyageenlivres.com\/wp-content\/uploads\/2024\/03\/Escale4-affiche-1086x1536.jpg 1086w, https:\/\/www.voyageenlivres.com\/wp-content\/uploads\/2024\/03\/Escale4-affiche-1448x2048.jpg 1448w, https:\/\/www.voyageenlivres.com\/wp-content\/uploads\/2024\/03\/Escale4-affiche-2000x2829.jpg 2000w, https:\/\/www.voyageenlivres.com\/wp-content\/uploads\/2024\/03\/Escale4-affiche-scaled.jpg 1810w\" sizes=\"100vw\" \/>\t\t\t\t\t\t\t\t\t\t\t\t\t\t\t<\/div>\n\t\t\t\t<\/div>\n\t\t\t\t\t<\/div>\n\t\t<\/div>\n\t\t\t\t<div class=\"elementor-column elementor-col-25 elementor-top-column elementor-element elementor-element-f9cace2\" data-id=\"f9cace2\" data-element_type=\"column\">\n\t\t\t<div class=\"elementor-widget-wrap elementor-element-populated\">\n\t\t\t\t\t\t\t\t<div class=\"elementor-element elementor-element-b615796 elementor-widget elementor-widget-image\" data-id=\"b615796\" data-element_type=\"widget\" data-widget_type=\"image.default\">\n\t\t\t\t<div class=\"elementor-widget-container\">\n\t\t\t\t\t\t\t\t\t\t\t\t\t\t\t<img width=\"605\" height=\"757\" src=\"https:\/\/www.voyageenlivres.com\/wp-content\/uploads\/2023\/02\/Lacroix_Alexandre.jpg\" class=\"attachment-large size-large\" alt=\"\" loading=\"lazy\" srcset=\"https:\/\/www.voyageenlivres.com\/wp-content\/uploads\/2023\/02\/Lacroix_Alexandre.jpg 605w, https:\/\/www.voyageenlivres.com\/wp-content\/uploads\/2023\/02\/Lacroix_Alexandre-240x300.jpg 240w\" sizes=\"100vw\" \/>\t\t\t\t\t\t\t\t\t\t\t\t\t\t\t<\/div>\n\t\t\t\t<\/div>\n\t\t\t\t\t<\/div>\n\t\t<\/div>\n\t\t\t\t\t\t\t<\/div>\n\t\t<\/section>\n\t\t\t\t<section class=\"elementor-section elementor-top-section elementor-element elementor-element-f46e198 elementor-section-boxed elementor-section-height-default elementor-section-height-default\" data-id=\"f46e198\" data-element_type=\"section\">\n\t\t\t\t\t\t<div class=\"elementor-container elementor-column-gap-default\">\n\t\t\t\t\t<div class=\"elementor-column elementor-col-100 elementor-top-column elementor-element elementor-element-b281651\" data-id=\"b281651\" data-element_type=\"column\">\n\t\t\t<div class=\"elementor-widget-wrap elementor-element-populated\">\n\t\t\t\t\t\t\t\t<div class=\"elementor-element elementor-element-d0e586d elementor-widget elementor-widget-text-editor\" data-id=\"d0e586d\" data-element_type=\"widget\" data-widget_type=\"text-editor.default\">\n\t\t\t\t<div class=\"elementor-widget-container\">\n\t\t\t\t\t\t\t<p>Cr\u00e9dits \u00a9 Alain Crozier (livres Petit Rameur &amp; revue Cabaret)<br>\u00a9 Benoit Perrin \/ Studio Godard (affiches)<br>\u00a9 Serge Picard (Alexandre Lacroix)<br><\/p>\t\t\t\t\t\t<\/div>\n\t\t\t\t<\/div>\n\t\t\t\t\t<\/div>\n\t\t<\/div>\n\t\t\t\t\t\t\t<\/div>\n\t\t<\/section>\n\t\t\t\t\t\t\t<\/div>\n\t\t","protected":false},"excerpt":{"rendered":"<p>Les Escales en livres sont des \u00e9tapes qui conduisent le lecteur et le curieux jusqu\u2019au salon Voyage en Livres. Elles consistent en des moments litt\u00e9raires vari\u00e9s : rencontres avec auteurs, \u00e9diteurs, d\u00e9dicaces, conf\u00e9rences, lectures\u2026 Elles parcourent le territoire de la Communaut\u00e9 de Commune Brionnais Sud Bourgogne en et occasionnellement des communes limitrophes. Les \u00e9tapes ont &hellip; <\/p>\n<p class=\"link-more\"><a href=\"https:\/\/www.voyageenlivres.com\/index.php\/escales\/\" class=\"more-link\">Lire la suite de<span class=\"screen-reader-text\">\u00ab\u00a0Les Escales en Livres\u00a0\u00bb<\/span><\/a><\/p>\n","protected":false},"author":1,"featured_media":0,"parent":0,"menu_order":0,"comment_status":"closed","ping_status":"closed","template":"","meta":[],"_links":{"self":[{"href":"https:\/\/www.voyageenlivres.com\/index.php\/wp-json\/wp\/v2\/pages\/49"}],"collection":[{"href":"https:\/\/www.voyageenlivres.com\/index.php\/wp-json\/wp\/v2\/pages"}],"about":[{"href":"https:\/\/www.voyageenlivres.com\/index.php\/wp-json\/wp\/v2\/types\/page"}],"author":[{"embeddable":true,"href":"https:\/\/www.voyageenlivres.com\/index.php\/wp-json\/wp\/v2\/users\/1"}],"replies":[{"embeddable":true,"href":"https:\/\/www.voyageenlivres.com\/index.php\/wp-json\/wp\/v2\/comments?post=49"}],"version-history":[{"count":100,"href":"https:\/\/www.voyageenlivres.com\/index.php\/wp-json\/wp\/v2\/pages\/49\/revisions"}],"predecessor-version":[{"id":5515,"href":"https:\/\/www.voyageenlivres.com\/index.php\/wp-json\/wp\/v2\/pages\/49\/revisions\/5515"}],"wp:attachment":[{"href":"https:\/\/www.voyageenlivres.com\/index.php\/wp-json\/wp\/v2\/media?parent=49"}],"curies":[{"name":"wp","href":"https:\/\/api.w.org\/{rel}","templated":true}]}}