{"id":3053,"date":"2024-03-05T21:19:04","date_gmt":"2024-03-05T20:19:04","guid":{"rendered":"http:\/\/www.voyageenlivres.com\/?page_id=3053"},"modified":"2024-03-05T22:51:48","modified_gmt":"2024-03-05T21:51:48","slug":"le-petit-rameur","status":"publish","type":"page","link":"https:\/\/www.voyageenlivres.com\/index.php\/le-petit-rameur\/","title":{"rendered":"Le Petit Rameur"},"content":{"rendered":"\t\t<div data-elementor-type=\"wp-page\" data-elementor-id=\"3053\" class=\"elementor elementor-3053\">\n\t\t\t\t\t\t\t\t\t<section class=\"elementor-section elementor-top-section elementor-element elementor-element-9cc7f01 elementor-section-boxed elementor-section-height-default elementor-section-height-default\" data-id=\"9cc7f01\" data-element_type=\"section\">\n\t\t\t\t\t\t<div class=\"elementor-container elementor-column-gap-default\">\n\t\t\t\t\t<div class=\"elementor-column elementor-col-100 elementor-top-column elementor-element elementor-element-38906f7\" data-id=\"38906f7\" data-element_type=\"column\">\n\t\t\t<div class=\"elementor-widget-wrap elementor-element-populated\">\n\t\t\t\t\t\t\t\t<div class=\"elementor-element elementor-element-4a04f9e elementor-widget elementor-widget-text-editor\" data-id=\"4a04f9e\" data-element_type=\"widget\" data-widget_type=\"text-editor.default\">\n\t\t\t\t<div class=\"elementor-widget-container\">\n\t\t\t<style>\/*! elementor - v3.6.6 - 08-06-2022 *\/\n.elementor-widget-text-editor.elementor-drop-cap-view-stacked .elementor-drop-cap{background-color:#818a91;color:#fff}.elementor-widget-text-editor.elementor-drop-cap-view-framed .elementor-drop-cap{color:#818a91;border:3px solid;background-color:transparent}.elementor-widget-text-editor:not(.elementor-drop-cap-view-default) .elementor-drop-cap{margin-top:8px}.elementor-widget-text-editor:not(.elementor-drop-cap-view-default) .elementor-drop-cap-letter{width:1em;height:1em}.elementor-widget-text-editor .elementor-drop-cap{float:left;text-align:center;line-height:1;font-size:50px}.elementor-widget-text-editor .elementor-drop-cap-letter{display:inline-block}<\/style>\t\t\t\t<p>L\u2019association&nbsp;<a href=\"http:\/\/www.petitrameur.com\/\" target=\"_blank\">Le Petit Rameur<\/a>, fond\u00e9e en 2012, organise le Salon Voyage en Livres, \u00e0 La Clayette depuis 2019, ainsi que des&nbsp;<a href=\"http:\/\/www.voyageenlivres.com\/index.php\/escales\/\" target=\"_blank\">Escales en Livres<\/a>, entre deux salons. Depuis 2023, elle organise en automne une&nbsp;<a href=\"http:\/\/www.voyageenlivres.com\/index.php\/bourse-en-livres\/\" target=\"_blank\">Bourse en Livres<\/a>. <br><\/p>\n<p>Le Petit Rameur compte une cinquantaine de membres, auxquels s\u2019ajoutent plusieurs dizaines de b\u00e9n\u00e9voles lors des manifestations.<\/p>\n<p>Pr\u00e9sid\u00e9e par Alain Crozier, Le Petit Rameur m\u00e8ne diverses activit\u00e9s culturelles et litt\u00e9raires :<\/p>\n<p>\u2022&nbsp;&nbsp;&nbsp; \u00c9dition d\u2019une revue de cr\u00e9ation litt\u00e9raire depuis 2012, la revue&nbsp;<a href=\"http:\/\/www.revuecabaret.com\/index.html\" target=\"_blank\">Cabaret<\/a>, ainsi que des livres d\u2019auteurs depuis 2014, avec les&nbsp;<a href=\"http:\/\/www.petitrameur.com\/editions.html\" target=\"_blank\">\u00e9ditions du Petit Rameur<\/a>. <\/p>\n<p>\u2022&nbsp;&nbsp;&nbsp; Enregistrement et production de disques de divers artistes, ainsi que des films.<\/p>\n<p>\u2022&nbsp;&nbsp;&nbsp; Organisation et participation \u00e0 des \u00e9v\u00e9nements culturels tels que des expositions, Salons, conf\u00e9rences-d\u00e9bats, soir\u00e9es th\u00e9matiques.<\/p>\n<p>\u2022&nbsp;&nbsp;&nbsp; Interventions en milieu scolaire et associatif dans le but de faire conna\u00eetre les pratiques artistiques et litt\u00e9raires, de sensibiliser le public \u00e0 la pr\u00e9servation de l\u2019environnement \u00e0 travers des activit\u00e9s artistiques.<\/p>\n<p>\u2022&nbsp;&nbsp;&nbsp; Promotion du Pays de Dun et du Brionnais via ces activit\u00e9s et via LC Times, vecteur de communication sur internet (page Facebook et site internet).<\/p>\t\t\t\t\t\t<\/div>\n\t\t\t\t<\/div>\n\t\t\t\t\t<\/div>\n\t\t<\/div>\n\t\t\t\t\t\t\t<\/div>\n\t\t<\/section>\n\t\t\t\t<section class=\"elementor-section elementor-top-section elementor-element elementor-element-b88704f elementor-section-boxed elementor-section-height-default elementor-section-height-default\" data-id=\"b88704f\" data-element_type=\"section\">\n\t\t\t\t\t\t<div class=\"elementor-container elementor-column-gap-default\">\n\t\t\t\t\t<div class=\"elementor-column elementor-col-33 elementor-top-column elementor-element elementor-element-015296f\" data-id=\"015296f\" data-element_type=\"column\">\n\t\t\t<div class=\"elementor-widget-wrap elementor-element-populated\">\n\t\t\t\t\t\t\t\t<div class=\"elementor-element elementor-element-28fdb19 elementor-widget elementor-widget-image\" data-id=\"28fdb19\" data-element_type=\"widget\" data-widget_type=\"image.default\">\n\t\t\t\t<div class=\"elementor-widget-container\">\n\t\t\t<style>\/*! elementor - v3.6.6 - 08-06-2022 *\/\n.elementor-widget-image{text-align:center}.elementor-widget-image a{display:inline-block}.elementor-widget-image a img[src$=\".svg\"]{width:48px}.elementor-widget-image img{vertical-align:middle;display:inline-block}<\/style>\t\t\t\t\t\t\t\t\t\t\t\t<img width=\"950\" height=\"713\" src=\"https:\/\/www.voyageenlivres.com\/wp-content\/uploads\/2023\/12\/403898282_744620037704506_3334967740760826800_n-1024x768.jpg\" class=\"attachment-large size-large\" alt=\"\" loading=\"lazy\" srcset=\"https:\/\/www.voyageenlivres.com\/wp-content\/uploads\/2023\/12\/403898282_744620037704506_3334967740760826800_n-1024x768.jpg 1024w, https:\/\/www.voyageenlivres.com\/wp-content\/uploads\/2023\/12\/403898282_744620037704506_3334967740760826800_n-300x225.jpg 300w, https:\/\/www.voyageenlivres.com\/wp-content\/uploads\/2023\/12\/403898282_744620037704506_3334967740760826800_n-768x576.jpg 768w, https:\/\/www.voyageenlivres.com\/wp-content\/uploads\/2023\/12\/403898282_744620037704506_3334967740760826800_n-1536x1152.jpg 1536w, https:\/\/www.voyageenlivres.com\/wp-content\/uploads\/2023\/12\/403898282_744620037704506_3334967740760826800_n-2000x1500.jpg 2000w, https:\/\/www.voyageenlivres.com\/wp-content\/uploads\/2023\/12\/403898282_744620037704506_3334967740760826800_n.jpg 2048w\" sizes=\"100vw\" \/>\t\t\t\t\t\t\t\t\t\t\t\t\t\t\t<\/div>\n\t\t\t\t<\/div>\n\t\t\t\t\t<\/div>\n\t\t<\/div>\n\t\t\t\t<div class=\"elementor-column elementor-col-33 elementor-top-column elementor-element elementor-element-cd15c2d\" data-id=\"cd15c2d\" data-element_type=\"column\">\n\t\t\t<div class=\"elementor-widget-wrap elementor-element-populated\">\n\t\t\t\t\t\t\t\t<div class=\"elementor-element elementor-element-1630f94 elementor-widget elementor-widget-image\" data-id=\"1630f94\" data-element_type=\"widget\" data-widget_type=\"image.default\">\n\t\t\t\t<div class=\"elementor-widget-container\">\n\t\t\t\t\t\t\t\t\t\t\t\t\t\t\t<img width=\"950\" height=\"627\" src=\"https:\/\/www.voyageenlivres.com\/wp-content\/uploads\/2022\/09\/petitrameur-logo-1024x676.jpg\" class=\"attachment-large size-large\" alt=\"\" loading=\"lazy\" srcset=\"https:\/\/www.voyageenlivres.com\/wp-content\/uploads\/2022\/09\/petitrameur-logo-1024x676.jpg 1024w, https:\/\/www.voyageenlivres.com\/wp-content\/uploads\/2022\/09\/petitrameur-logo-300x198.jpg 300w, https:\/\/www.voyageenlivres.com\/wp-content\/uploads\/2022\/09\/petitrameur-logo-768x507.jpg 768w, https:\/\/www.voyageenlivres.com\/wp-content\/uploads\/2022\/09\/petitrameur-logo-1536x1014.jpg 1536w, https:\/\/www.voyageenlivres.com\/wp-content\/uploads\/2022\/09\/petitrameur-logo-2048x1352.jpg 2048w, https:\/\/www.voyageenlivres.com\/wp-content\/uploads\/2022\/09\/petitrameur-logo-2000x1320.jpg 2000w\" sizes=\"100vw\" \/>\t\t\t\t\t\t\t\t\t\t\t\t\t\t\t<\/div>\n\t\t\t\t<\/div>\n\t\t\t\t\t<\/div>\n\t\t<\/div>\n\t\t\t\t<div class=\"elementor-column elementor-col-33 elementor-top-column elementor-element elementor-element-49e4357\" data-id=\"49e4357\" data-element_type=\"column\">\n\t\t\t<div class=\"elementor-widget-wrap elementor-element-populated\">\n\t\t\t\t\t\t\t\t<div class=\"elementor-element elementor-element-8a103dd elementor-widget elementor-widget-image\" data-id=\"8a103dd\" data-element_type=\"widget\" data-widget_type=\"image.default\">\n\t\t\t\t<div class=\"elementor-widget-container\">\n\t\t\t\t\t\t\t\t\t\t\t\t\t\t\t<img width=\"876\" height=\"566\" src=\"https:\/\/www.voyageenlivres.com\/wp-content\/uploads\/2022\/09\/Capture-de\u0301cran-2022-09-29-a\u0300-19.24.12.png\" class=\"attachment-large size-large\" alt=\"\" loading=\"lazy\" srcset=\"https:\/\/www.voyageenlivres.com\/wp-content\/uploads\/2022\/09\/Capture-de\u0301cran-2022-09-29-a\u0300-19.24.12.png 876w, https:\/\/www.voyageenlivres.com\/wp-content\/uploads\/2022\/09\/Capture-de\u0301cran-2022-09-29-a\u0300-19.24.12-300x194.png 300w, https:\/\/www.voyageenlivres.com\/wp-content\/uploads\/2022\/09\/Capture-de\u0301cran-2022-09-29-a\u0300-19.24.12-768x496.png 768w\" sizes=\"100vw\" \/>\t\t\t\t\t\t\t\t\t\t\t\t\t\t\t<\/div>\n\t\t\t\t<\/div>\n\t\t\t\t\t<\/div>\n\t\t<\/div>\n\t\t\t\t\t\t\t<\/div>\n\t\t<\/section>\n\t\t\t\t\t\t\t<\/div>\n\t\t","protected":false},"excerpt":{"rendered":"<p>L\u2019association&nbsp;Le Petit Rameur, fond\u00e9e en 2012, organise le Salon Voyage en Livres, \u00e0 La Clayette depuis 2019, ainsi que des&nbsp;Escales en Livres, entre deux salons. Depuis 2023, elle organise en automne une&nbsp;Bourse en Livres. Le Petit Rameur compte une cinquantaine de membres, auxquels s\u2019ajoutent plusieurs dizaines de b\u00e9n\u00e9voles lors des manifestations. Pr\u00e9sid\u00e9e par Alain Crozier, &hellip; <\/p>\n<p class=\"link-more\"><a href=\"https:\/\/www.voyageenlivres.com\/index.php\/le-petit-rameur\/\" class=\"more-link\">Lire la suite de<span class=\"screen-reader-text\">\u00ab\u00a0Le Petit Rameur\u00a0\u00bb<\/span><\/a><\/p>\n","protected":false},"author":1,"featured_media":0,"parent":0,"menu_order":0,"comment_status":"closed","ping_status":"closed","template":"","meta":[],"_links":{"self":[{"href":"https:\/\/www.voyageenlivres.com\/index.php\/wp-json\/wp\/v2\/pages\/3053"}],"collection":[{"href":"https:\/\/www.voyageenlivres.com\/index.php\/wp-json\/wp\/v2\/pages"}],"about":[{"href":"https:\/\/www.voyageenlivres.com\/index.php\/wp-json\/wp\/v2\/types\/page"}],"author":[{"embeddable":true,"href":"https:\/\/www.voyageenlivres.com\/index.php\/wp-json\/wp\/v2\/users\/1"}],"replies":[{"embeddable":true,"href":"https:\/\/www.voyageenlivres.com\/index.php\/wp-json\/wp\/v2\/comments?post=3053"}],"version-history":[{"count":16,"href":"https:\/\/www.voyageenlivres.com\/index.php\/wp-json\/wp\/v2\/pages\/3053\/revisions"}],"predecessor-version":[{"id":3185,"href":"https:\/\/www.voyageenlivres.com\/index.php\/wp-json\/wp\/v2\/pages\/3053\/revisions\/3185"}],"wp:attachment":[{"href":"https:\/\/www.voyageenlivres.com\/index.php\/wp-json\/wp\/v2\/media?parent=3053"}],"curies":[{"name":"wp","href":"https:\/\/api.w.org\/{rel}","templated":true}]}}