{"id":3043,"date":"2024-03-05T21:09:20","date_gmt":"2024-03-05T20:09:20","guid":{"rendered":"http:\/\/www.voyageenlivres.com\/?page_id=3043"},"modified":"2025-06-09T21:45:13","modified_gmt":"2025-06-09T19:45:13","slug":"nous-aider","status":"publish","type":"page","link":"https:\/\/www.voyageenlivres.com\/index.php\/nous-aider\/","title":{"rendered":"Nous aider"},"content":{"rendered":"\t\t<div data-elementor-type=\"wp-page\" data-elementor-id=\"3043\" class=\"elementor elementor-3043\">\n\t\t\t\t\t\t\t\t\t<section class=\"elementor-section elementor-top-section elementor-element elementor-element-91c4822 elementor-section-boxed elementor-section-height-default elementor-section-height-default\" data-id=\"91c4822\" data-element_type=\"section\">\n\t\t\t\t\t\t<div class=\"elementor-container elementor-column-gap-default\">\n\t\t\t\t\t<div class=\"elementor-column elementor-col-25 elementor-top-column elementor-element elementor-element-6c57253\" data-id=\"6c57253\" data-element_type=\"column\">\n\t\t\t<div class=\"elementor-widget-wrap elementor-element-populated\">\n\t\t\t\t\t\t\t\t<div class=\"elementor-element elementor-element-f0ea661 elementor-widget elementor-widget-image\" data-id=\"f0ea661\" data-element_type=\"widget\" data-widget_type=\"image.default\">\n\t\t\t\t<div class=\"elementor-widget-container\">\n\t\t\t<style>\/*! elementor - v3.6.6 - 08-06-2022 *\/\n.elementor-widget-image{text-align:center}.elementor-widget-image a{display:inline-block}.elementor-widget-image a img[src$=\".svg\"]{width:48px}.elementor-widget-image img{vertical-align:middle;display:inline-block}<\/style>\t\t\t\t\t\t\t\t\t\t\t\t<img width=\"950\" height=\"616\" src=\"https:\/\/www.voyageenlivres.com\/wp-content\/uploads\/2024\/03\/photo-pilelivres.jpg\" class=\"attachment-large size-large\" alt=\"\" loading=\"lazy\" srcset=\"https:\/\/www.voyageenlivres.com\/wp-content\/uploads\/2024\/03\/photo-pilelivres.jpg 1023w, https:\/\/www.voyageenlivres.com\/wp-content\/uploads\/2024\/03\/photo-pilelivres-300x194.jpg 300w, https:\/\/www.voyageenlivres.com\/wp-content\/uploads\/2024\/03\/photo-pilelivres-768x498.jpg 768w\" sizes=\"100vw\" \/>\t\t\t\t\t\t\t\t\t\t\t\t\t\t\t<\/div>\n\t\t\t\t<\/div>\n\t\t\t\t\t<\/div>\n\t\t<\/div>\n\t\t\t\t<div class=\"elementor-column elementor-col-25 elementor-top-column elementor-element elementor-element-ed6e5e0\" data-id=\"ed6e5e0\" data-element_type=\"column\">\n\t\t\t<div class=\"elementor-widget-wrap elementor-element-populated\">\n\t\t\t\t\t\t\t\t<div class=\"elementor-element elementor-element-ce28ce7 elementor-widget elementor-widget-image\" data-id=\"ce28ce7\" data-element_type=\"widget\" data-widget_type=\"image.default\">\n\t\t\t\t<div class=\"elementor-widget-container\">\n\t\t\t\t\t\t\t\t\t\t\t\t\t\t\t<img width=\"950\" height=\"713\" src=\"https:\/\/www.voyageenlivres.com\/wp-content\/uploads\/2023\/04\/2023-04-23_com-1024x768.jpg\" class=\"attachment-large size-large\" alt=\"\" loading=\"lazy\" srcset=\"https:\/\/www.voyageenlivres.com\/wp-content\/uploads\/2023\/04\/2023-04-23_com-1024x768.jpg 1024w, https:\/\/www.voyageenlivres.com\/wp-content\/uploads\/2023\/04\/2023-04-23_com-300x225.jpg 300w, https:\/\/www.voyageenlivres.com\/wp-content\/uploads\/2023\/04\/2023-04-23_com-768x576.jpg 768w, https:\/\/www.voyageenlivres.com\/wp-content\/uploads\/2023\/04\/2023-04-23_com.jpg 1200w\" sizes=\"100vw\" \/>\t\t\t\t\t\t\t\t\t\t\t\t\t\t\t<\/div>\n\t\t\t\t<\/div>\n\t\t\t\t\t<\/div>\n\t\t<\/div>\n\t\t\t\t<div class=\"elementor-column elementor-col-25 elementor-top-column elementor-element elementor-element-268ec6e\" data-id=\"268ec6e\" data-element_type=\"column\">\n\t\t\t<div class=\"elementor-widget-wrap elementor-element-populated\">\n\t\t\t\t\t\t\t\t<div class=\"elementor-element elementor-element-15cc4cf elementor-widget elementor-widget-image\" data-id=\"15cc4cf\" data-element_type=\"widget\" data-widget_type=\"image.default\">\n\t\t\t\t<div class=\"elementor-widget-container\">\n\t\t\t\t\t\t\t\t\t\t\t\t\t\t\t<img width=\"950\" height=\"713\" src=\"https:\/\/www.voyageenlivres.com\/wp-content\/uploads\/2024\/02\/vel5-webcom3-1024x768.jpg\" class=\"attachment-large size-large\" alt=\"\" loading=\"lazy\" srcset=\"https:\/\/www.voyageenlivres.com\/wp-content\/uploads\/2024\/02\/vel5-webcom3-1024x768.jpg 1024w, https:\/\/www.voyageenlivres.com\/wp-content\/uploads\/2024\/02\/vel5-webcom3-300x225.jpg 300w, https:\/\/www.voyageenlivres.com\/wp-content\/uploads\/2024\/02\/vel5-webcom3-768x576.jpg 768w, https:\/\/www.voyageenlivres.com\/wp-content\/uploads\/2024\/02\/vel5-webcom3.jpg 1200w\" sizes=\"100vw\" \/>\t\t\t\t\t\t\t\t\t\t\t\t\t\t\t<\/div>\n\t\t\t\t<\/div>\n\t\t\t\t\t<\/div>\n\t\t<\/div>\n\t\t\t\t<div class=\"elementor-column elementor-col-25 elementor-top-column elementor-element elementor-element-41c28fb\" data-id=\"41c28fb\" data-element_type=\"column\">\n\t\t\t<div class=\"elementor-widget-wrap elementor-element-populated\">\n\t\t\t\t\t\t\t\t<div class=\"elementor-element elementor-element-ca987bf elementor-widget elementor-widget-image\" data-id=\"ca987bf\" data-element_type=\"widget\" data-widget_type=\"image.default\">\n\t\t\t\t<div class=\"elementor-widget-container\">\n\t\t\t\t\t\t\t\t\t\t\t\t\t\t\t<img width=\"950\" height=\"713\" src=\"https:\/\/www.voyageenlivres.com\/wp-content\/uploads\/2024\/03\/COM-LAtelier-DEcriture-2019-1024x768.jpg\" class=\"attachment-large size-large\" alt=\"\" loading=\"lazy\" srcset=\"https:\/\/www.voyageenlivres.com\/wp-content\/uploads\/2024\/03\/COM-LAtelier-DEcriture-2019-1024x768.jpg 1024w, https:\/\/www.voyageenlivres.com\/wp-content\/uploads\/2024\/03\/COM-LAtelier-DEcriture-2019-300x225.jpg 300w, https:\/\/www.voyageenlivres.com\/wp-content\/uploads\/2024\/03\/COM-LAtelier-DEcriture-2019-768x576.jpg 768w, https:\/\/www.voyageenlivres.com\/wp-content\/uploads\/2024\/03\/COM-LAtelier-DEcriture-2019-1536x1152.jpg 1536w, https:\/\/www.voyageenlivres.com\/wp-content\/uploads\/2024\/03\/COM-LAtelier-DEcriture-2019-2048x1536.jpg 2048w, https:\/\/www.voyageenlivres.com\/wp-content\/uploads\/2024\/03\/COM-LAtelier-DEcriture-2019-2000x1500.jpg 2000w\" sizes=\"100vw\" \/>\t\t\t\t\t\t\t\t\t\t\t\t\t\t\t<\/div>\n\t\t\t\t<\/div>\n\t\t\t\t\t<\/div>\n\t\t<\/div>\n\t\t\t\t\t\t\t<\/div>\n\t\t<\/section>\n\t\t\t\t<section class=\"elementor-section elementor-top-section elementor-element elementor-element-8f562a2 elementor-section-boxed elementor-section-height-default elementor-section-height-default\" data-id=\"8f562a2\" data-element_type=\"section\">\n\t\t\t\t\t\t<div class=\"elementor-container elementor-column-gap-default\">\n\t\t\t\t\t<div class=\"elementor-column elementor-col-100 elementor-top-column elementor-element elementor-element-d1347eb\" data-id=\"d1347eb\" data-element_type=\"column\">\n\t\t\t<div class=\"elementor-widget-wrap elementor-element-populated\">\n\t\t\t\t\t\t\t\t<div class=\"elementor-element elementor-element-5f8bd2e elementor-widget elementor-widget-text-editor\" data-id=\"5f8bd2e\" data-element_type=\"widget\" data-widget_type=\"text-editor.default\">\n\t\t\t\t<div class=\"elementor-widget-container\">\n\t\t\t<style>\/*! elementor - v3.6.6 - 08-06-2022 *\/\n.elementor-widget-text-editor.elementor-drop-cap-view-stacked .elementor-drop-cap{background-color:#818a91;color:#fff}.elementor-widget-text-editor.elementor-drop-cap-view-framed .elementor-drop-cap{color:#818a91;border:3px solid;background-color:transparent}.elementor-widget-text-editor:not(.elementor-drop-cap-view-default) .elementor-drop-cap{margin-top:8px}.elementor-widget-text-editor:not(.elementor-drop-cap-view-default) .elementor-drop-cap-letter{width:1em;height:1em}.elementor-widget-text-editor .elementor-drop-cap{float:left;text-align:center;line-height:1;font-size:50px}.elementor-widget-text-editor .elementor-drop-cap-letter{display:inline-block}<\/style>\t\t\t\t<p>Quatre moyens pour nous soutenir :<\/p><p>1) Contribuer au co\u00fbt de fonctionnement du salon, par un don ou un m\u00e9c\u00e9nat.<br \/>Les dons sont possibles <br \/>&#8211;\u00a0\u00a0\u00a0 en esp\u00e8ces, lors du salon,<br \/>&#8211;\u00a0\u00a0\u00a0 tout au long de l\u2019ann\u00e9e par virement, par un ch\u00e8que du montant d\u00e9sir\u00e9 \u00e0 l\u2019ordre du Petit Rameur, ou par <a href=\"http:\/\/www.voyageenlivres.com\/index.php\/contact\/\" target=\"_blank\" rel=\"noopener\">HelloAsso <\/a><\/p><p>2) Devenir partenaire sponsor de Voyage en Livres =&gt; page <a href=\"http:\/\/www.voyageenlivres.com\/index.php\/partenaires\/\" target=\"_blank\" rel=\"noopener\">partenaires <\/a>et formulaire.<\/p><p>3) Soit par un don de livres, qui seront vendu par le Petit Rameur lors de la\u00a0<a href=\"http:\/\/www.voyageenlivres.com\/index.php\/bourse-en-livres\/\" target=\"_blank\" rel=\"noopener\">Bourse en Livres<\/a> organis\u00e9e chaque automne.<\/p><p>4) Rejoindre notre \u00e9quipe de b\u00e9n\u00e9voles. Si vous avez une ou deux heures \u00e0 donner, n\u2019h\u00e9sitez pas \u00e0\u00a0<a href=\"http:\/\/www.voyageenlivres.com\/index.php\/contact\/\" target=\"_blank\" rel=\"noopener\">nous contacter,<\/a> toute aide sera la bienvenue.<\/p><p>Pour plus d\u2019informations,\u00a0<a href=\"http:\/\/www.voyageenlivres.com\/index.php\/contact\/\" target=\"_blank\" rel=\"noopener\">nous contacter<\/a>.<\/p>\t\t\t\t\t\t<\/div>\n\t\t\t\t<\/div>\n\t\t\t\t\t<\/div>\n\t\t<\/div>\n\t\t\t\t\t\t\t<\/div>\n\t\t<\/section>\n\t\t\t\t\t\t\t<\/div>\n\t\t","protected":false},"excerpt":{"rendered":"<p>Quatre moyens pour nous soutenir : 1) Contribuer au co\u00fbt de fonctionnement du salon, par un don ou un m\u00e9c\u00e9nat.Les dons sont possibles &#8211;\u00a0\u00a0\u00a0 en esp\u00e8ces, lors du salon,&#8211;\u00a0\u00a0\u00a0 tout au long de l\u2019ann\u00e9e par virement, par un ch\u00e8que du montant d\u00e9sir\u00e9 \u00e0 l\u2019ordre du Petit Rameur, ou par HelloAsso 2) Devenir partenaire sponsor de &hellip; <\/p>\n<p class=\"link-more\"><a href=\"https:\/\/www.voyageenlivres.com\/index.php\/nous-aider\/\" class=\"more-link\">Lire la suite de<span class=\"screen-reader-text\">\u00ab\u00a0Nous aider\u00a0\u00bb<\/span><\/a><\/p>\n","protected":false},"author":1,"featured_media":0,"parent":0,"menu_order":0,"comment_status":"closed","ping_status":"closed","template":"","meta":[],"_links":{"self":[{"href":"https:\/\/www.voyageenlivres.com\/index.php\/wp-json\/wp\/v2\/pages\/3043"}],"collection":[{"href":"https:\/\/www.voyageenlivres.com\/index.php\/wp-json\/wp\/v2\/pages"}],"about":[{"href":"https:\/\/www.voyageenlivres.com\/index.php\/wp-json\/wp\/v2\/types\/page"}],"author":[{"embeddable":true,"href":"https:\/\/www.voyageenlivres.com\/index.php\/wp-json\/wp\/v2\/users\/1"}],"replies":[{"embeddable":true,"href":"https:\/\/www.voyageenlivres.com\/index.php\/wp-json\/wp\/v2\/comments?post=3043"}],"version-history":[{"count":25,"href":"https:\/\/www.voyageenlivres.com\/index.php\/wp-json\/wp\/v2\/pages\/3043\/revisions"}],"predecessor-version":[{"id":5220,"href":"https:\/\/www.voyageenlivres.com\/index.php\/wp-json\/wp\/v2\/pages\/3043\/revisions\/5220"}],"wp:attachment":[{"href":"https:\/\/www.voyageenlivres.com\/index.php\/wp-json\/wp\/v2\/media?parent=3043"}],"curies":[{"name":"wp","href":"https:\/\/api.w.org\/{rel}","templated":true}]}}