{"id":3037,"date":"2024-03-05T21:07:42","date_gmt":"2024-03-05T20:07:42","guid":{"rendered":"http:\/\/www.voyageenlivres.com\/?page_id=3037"},"modified":"2026-03-29T19:51:24","modified_gmt":"2026-03-29T17:51:24","slug":"ateliers","status":"publish","type":"page","link":"https:\/\/www.voyageenlivres.com\/index.php\/ateliers\/","title":{"rendered":"Ateliers jeunes"},"content":{"rendered":"\t\t<div data-elementor-type=\"wp-page\" data-elementor-id=\"3037\" class=\"elementor elementor-3037\">\n\t\t\t\t\t\t\t\t\t<section class=\"elementor-section elementor-top-section elementor-element elementor-element-d329a2d elementor-section-boxed elementor-section-height-default elementor-section-height-default\" data-id=\"d329a2d\" data-element_type=\"section\">\n\t\t\t\t\t\t<div class=\"elementor-container elementor-column-gap-default\">\n\t\t\t\t\t<div class=\"elementor-column elementor-col-50 elementor-top-column elementor-element elementor-element-fc2e5ca\" data-id=\"fc2e5ca\" data-element_type=\"column\">\n\t\t\t<div class=\"elementor-widget-wrap elementor-element-populated\">\n\t\t\t\t\t\t\t\t<section class=\"elementor-section elementor-inner-section elementor-element elementor-element-c4af610 elementor-section-boxed elementor-section-height-default elementor-section-height-default\" data-id=\"c4af610\" data-element_type=\"section\">\n\t\t\t\t\t\t<div class=\"elementor-container elementor-column-gap-default\">\n\t\t\t\t\t<div class=\"elementor-column elementor-col-50 elementor-inner-column elementor-element elementor-element-95033ad\" data-id=\"95033ad\" data-element_type=\"column\">\n\t\t\t<div class=\"elementor-widget-wrap elementor-element-populated\">\n\t\t\t\t\t\t\t\t<div class=\"elementor-element elementor-element-490214d elementor-widget elementor-widget-image\" data-id=\"490214d\" data-element_type=\"widget\" data-widget_type=\"image.default\">\n\t\t\t\t<div class=\"elementor-widget-container\">\n\t\t\t<style>\/*! elementor - v3.6.6 - 08-06-2022 *\/\n.elementor-widget-image{text-align:center}.elementor-widget-image a{display:inline-block}.elementor-widget-image a img[src$=\".svg\"]{width:48px}.elementor-widget-image img{vertical-align:middle;display:inline-block}<\/style>\t\t\t\t\t\t\t\t\t\t\t\t<img width=\"480\" height=\"720\" src=\"https:\/\/www.voyageenlivres.com\/wp-content\/uploads\/2026\/03\/COM-Mennella-Coralie2-1.jpg\" class=\"attachment-large size-large\" alt=\"\" loading=\"lazy\" srcset=\"https:\/\/www.voyageenlivres.com\/wp-content\/uploads\/2026\/03\/COM-Mennella-Coralie2-1.jpg 480w, https:\/\/www.voyageenlivres.com\/wp-content\/uploads\/2026\/03\/COM-Mennella-Coralie2-1-200x300.jpg 200w\" sizes=\"100vw\" \/>\t\t\t\t\t\t\t\t\t\t\t\t\t\t\t<\/div>\n\t\t\t\t<\/div>\n\t\t\t\t\t<\/div>\n\t\t<\/div>\n\t\t\t\t<div class=\"elementor-column elementor-col-50 elementor-inner-column elementor-element elementor-element-20e0819\" data-id=\"20e0819\" data-element_type=\"column\">\n\t\t\t<div class=\"elementor-widget-wrap elementor-element-populated\">\n\t\t\t\t\t\t\t\t<div class=\"elementor-element elementor-element-67957a0 elementor-widget elementor-widget-text-editor\" data-id=\"67957a0\" data-element_type=\"widget\" data-widget_type=\"text-editor.default\">\n\t\t\t\t<div class=\"elementor-widget-container\">\n\t\t\t<style>\/*! elementor - v3.6.6 - 08-06-2022 *\/\n.elementor-widget-text-editor.elementor-drop-cap-view-stacked .elementor-drop-cap{background-color:#818a91;color:#fff}.elementor-widget-text-editor.elementor-drop-cap-view-framed .elementor-drop-cap{color:#818a91;border:3px solid;background-color:transparent}.elementor-widget-text-editor:not(.elementor-drop-cap-view-default) .elementor-drop-cap{margin-top:8px}.elementor-widget-text-editor:not(.elementor-drop-cap-view-default) .elementor-drop-cap-letter{width:1em;height:1em}.elementor-widget-text-editor .elementor-drop-cap{float:left;text-align:center;line-height:1;font-size:50px}.elementor-widget-text-editor .elementor-drop-cap-letter{display:inline-block}<\/style>\t\t\t\t<p><b><span style=\"font-size: 14.0pt; font-family: 'Arial','sans-serif';\">Atelier d\u2019\u00e9criture\u00a0\u00a0<i>Explorer l\u2019art du personnage<\/i>\u00a0<\/span><\/b><span style=\"font-size: 14.0pt; font-family: 'Arial','sans-serif';\">avec<\/span><b><span style=\"font-size: 14.0pt; font-family: 'Arial','sans-serif';\"> Coralie Mennella\u00a0<\/span><\/b><br \/>SAMEDI 25 AVRIL &#8211; 14h00<br \/>De 6 ans \u00e0 15 ans (dur\u00e9e 2h) Inscription conseill\u00e9e\u00a0\u00a0<a href=\"https:\/\/www.voyageenlivres.com\/index.php\/2026\/03\/29\/atelier-ecritures-avec-coralie-mennella-2026\/\" target=\"_blank\" rel=\"noopener\">&gt;&gt;&gt;<\/a><\/p>\t\t\t\t\t\t<\/div>\n\t\t\t\t<\/div>\n\t\t\t\t\t<\/div>\n\t\t<\/div>\n\t\t\t\t\t\t\t<\/div>\n\t\t<\/section>\n\t\t\t\t\t<\/div>\n\t\t<\/div>\n\t\t\t\t<div class=\"elementor-column elementor-col-50 elementor-top-column elementor-element elementor-element-0838936\" data-id=\"0838936\" data-element_type=\"column\">\n\t\t\t<div class=\"elementor-widget-wrap elementor-element-populated\">\n\t\t\t\t\t\t\t\t<section class=\"elementor-section elementor-inner-section elementor-element elementor-element-a62cb64 elementor-section-boxed elementor-section-height-default elementor-section-height-default\" data-id=\"a62cb64\" data-element_type=\"section\">\n\t\t\t\t\t\t<div class=\"elementor-container elementor-column-gap-default\">\n\t\t\t\t\t<div class=\"elementor-column elementor-col-50 elementor-inner-column elementor-element elementor-element-79f0dd1\" data-id=\"79f0dd1\" data-element_type=\"column\">\n\t\t\t<div class=\"elementor-widget-wrap elementor-element-populated\">\n\t\t\t\t\t\t\t\t<div class=\"elementor-element elementor-element-7cb8442 elementor-widget elementor-widget-image\" data-id=\"7cb8442\" data-element_type=\"widget\" data-widget_type=\"image.default\">\n\t\t\t\t<div class=\"elementor-widget-container\">\n\t\t\t\t\t\t\t\t\t\t\t\t\t\t\t<img width=\"683\" height=\"1024\" src=\"https:\/\/www.voyageenlivres.com\/wp-content\/uploads\/2026\/03\/COM-Sterkers_Jeanne-1-683x1024.jpg\" class=\"attachment-large size-large\" alt=\"\" loading=\"lazy\" srcset=\"https:\/\/www.voyageenlivres.com\/wp-content\/uploads\/2026\/03\/COM-Sterkers_Jeanne-1-683x1024.jpg 683w, https:\/\/www.voyageenlivres.com\/wp-content\/uploads\/2026\/03\/COM-Sterkers_Jeanne-1-200x300.jpg 200w, https:\/\/www.voyageenlivres.com\/wp-content\/uploads\/2026\/03\/COM-Sterkers_Jeanne-1-768x1152.jpg 768w, https:\/\/www.voyageenlivres.com\/wp-content\/uploads\/2026\/03\/COM-Sterkers_Jeanne-1-1024x1536.jpg 1024w, https:\/\/www.voyageenlivres.com\/wp-content\/uploads\/2026\/03\/COM-Sterkers_Jeanne-1-1365x2048.jpg 1365w, https:\/\/www.voyageenlivres.com\/wp-content\/uploads\/2026\/03\/COM-Sterkers_Jeanne-1.jpg 1600w\" sizes=\"100vw\" \/>\t\t\t\t\t\t\t\t\t\t\t\t\t\t\t<\/div>\n\t\t\t\t<\/div>\n\t\t\t\t\t<\/div>\n\t\t<\/div>\n\t\t\t\t<div class=\"elementor-column elementor-col-50 elementor-inner-column elementor-element elementor-element-89417f4\" data-id=\"89417f4\" data-element_type=\"column\">\n\t\t\t<div class=\"elementor-widget-wrap elementor-element-populated\">\n\t\t\t\t\t\t\t\t<div class=\"elementor-element elementor-element-fb02d25 elementor-widget elementor-widget-text-editor\" data-id=\"fb02d25\" data-element_type=\"widget\" data-widget_type=\"text-editor.default\">\n\t\t\t\t<div class=\"elementor-widget-container\">\n\t\t\t\t\t\t\t<p><b><span style=\"font-size: 14.0pt; font-family: 'Arial','sans-serif';\">Atelier dessin\u00a0<\/span><\/b><span style=\"font-size: 14.0pt; font-family: 'Arial','sans-serif';\"><i><b>Cr\u00e9er son propre personnage de BD<\/b><\/i> avec <b>Jeanne Sterkers<\/b><\/span><span style=\"font-size: 10.0pt; mso-bidi-font-size: 12.0pt; font-family: 'Arial','sans-serif'; color: #212121;\"><br \/><\/span>SAMEDI 25 AVRIL\u00a0&#8211; 16h30<br \/>De 6 ans \u00e0 15 ans (dur\u00e9e 1h30 environ) Inscription conseill\u00e9e\u00a0<a href=\"https:\/\/www.voyageenlivres.com\/index.php\/2026\/03\/29\/atelier-dessin-avec-jeanne-sterkers-2026\/\" target=\"_blank\" rel=\"noopener\">&gt;&gt;&gt;<\/a><\/p>\t\t\t\t\t\t<\/div>\n\t\t\t\t<\/div>\n\t\t\t\t<div class=\"elementor-element elementor-element-d82e33a elementor-widget elementor-widget-text-editor\" data-id=\"d82e33a\" data-element_type=\"widget\" data-widget_type=\"text-editor.default\">\n\t\t\t\t<div class=\"elementor-widget-container\">\n\t\t\t\t\t\t\t\t\t\t\t\t\t<\/div>\n\t\t\t\t<\/div>\n\t\t\t\t\t<\/div>\n\t\t<\/div>\n\t\t\t\t\t\t\t<\/div>\n\t\t<\/section>\n\t\t\t\t\t<\/div>\n\t\t<\/div>\n\t\t\t\t\t\t\t<\/div>\n\t\t<\/section>\n\t\t\t\t<section class=\"elementor-section elementor-top-section elementor-element elementor-element-1047ccc elementor-section-boxed elementor-section-height-default elementor-section-height-default\" data-id=\"1047ccc\" data-element_type=\"section\">\n\t\t\t\t\t\t<div class=\"elementor-container elementor-column-gap-default\">\n\t\t\t\t\t<div class=\"elementor-column elementor-col-100 elementor-top-column elementor-element elementor-element-8194d19\" data-id=\"8194d19\" data-element_type=\"column\">\n\t\t\t<div class=\"elementor-widget-wrap elementor-element-populated\">\n\t\t\t\t\t\t\t\t<div class=\"elementor-element elementor-element-076418f elementor-widget-divider--view-line elementor-widget elementor-widget-divider\" data-id=\"076418f\" data-element_type=\"widget\" data-widget_type=\"divider.default\">\n\t\t\t\t<div class=\"elementor-widget-container\">\n\t\t\t<style>\/*! elementor - v3.6.6 - 08-06-2022 *\/\n.elementor-widget-divider{--divider-border-style:none;--divider-border-width:1px;--divider-color:#2c2c2c;--divider-icon-size:20px;--divider-element-spacing:10px;--divider-pattern-height:24px;--divider-pattern-size:20px;--divider-pattern-url:none;--divider-pattern-repeat:repeat-x}.elementor-widget-divider .elementor-divider{display:-webkit-box;display:-ms-flexbox;display:flex}.elementor-widget-divider .elementor-divider__text{font-size:15px;line-height:1;max-width:95%}.elementor-widget-divider .elementor-divider__element{margin:0 var(--divider-element-spacing);-ms-flex-negative:0;flex-shrink:0}.elementor-widget-divider .elementor-icon{font-size:var(--divider-icon-size)}.elementor-widget-divider .elementor-divider-separator{display:-webkit-box;display:-ms-flexbox;display:flex;margin:0;direction:ltr}.elementor-widget-divider--view-line_icon .elementor-divider-separator,.elementor-widget-divider--view-line_text .elementor-divider-separator{-webkit-box-align:center;-ms-flex-align:center;align-items:center}.elementor-widget-divider--view-line_icon .elementor-divider-separator:after,.elementor-widget-divider--view-line_icon .elementor-divider-separator:before,.elementor-widget-divider--view-line_text .elementor-divider-separator:after,.elementor-widget-divider--view-line_text .elementor-divider-separator:before{display:block;content:\"\";border-bottom:0;-webkit-box-flex:1;-ms-flex-positive:1;flex-grow:1;border-top:var(--divider-border-width) var(--divider-border-style) var(--divider-color)}.elementor-widget-divider--element-align-left .elementor-divider .elementor-divider-separator>.elementor-divider__svg:first-of-type{-webkit-box-flex:0;-ms-flex-positive:0;flex-grow:0;-ms-flex-negative:100;flex-shrink:100}.elementor-widget-divider--element-align-left .elementor-divider-separator:before{content:none}.elementor-widget-divider--element-align-left .elementor-divider__element{margin-left:0}.elementor-widget-divider--element-align-right .elementor-divider .elementor-divider-separator>.elementor-divider__svg:last-of-type{-webkit-box-flex:0;-ms-flex-positive:0;flex-grow:0;-ms-flex-negative:100;flex-shrink:100}.elementor-widget-divider--element-align-right .elementor-divider-separator:after{content:none}.elementor-widget-divider--element-align-right .elementor-divider__element{margin-right:0}.elementor-widget-divider:not(.elementor-widget-divider--view-line_text):not(.elementor-widget-divider--view-line_icon) .elementor-divider-separator{border-top:var(--divider-border-width) var(--divider-border-style) var(--divider-color)}.elementor-widget-divider--separator-type-pattern{--divider-border-style:none}.elementor-widget-divider--separator-type-pattern.elementor-widget-divider--view-line .elementor-divider-separator,.elementor-widget-divider--separator-type-pattern:not(.elementor-widget-divider--view-line) .elementor-divider-separator:after,.elementor-widget-divider--separator-type-pattern:not(.elementor-widget-divider--view-line) .elementor-divider-separator:before,.elementor-widget-divider--separator-type-pattern:not([class*=elementor-widget-divider--view]) .elementor-divider-separator{width:100%;min-height:var(--divider-pattern-height);-webkit-mask-size:var(--divider-pattern-size) 100%;mask-size:var(--divider-pattern-size) 100%;-webkit-mask-repeat:var(--divider-pattern-repeat);mask-repeat:var(--divider-pattern-repeat);background-color:var(--divider-color);-webkit-mask-image:var(--divider-pattern-url);mask-image:var(--divider-pattern-url)}.elementor-widget-divider--no-spacing{--divider-pattern-size:auto}.elementor-widget-divider--bg-round{--divider-pattern-repeat:round}.rtl .elementor-widget-divider .elementor-divider__text{direction:rtl}<\/style>\t\t<div class=\"elementor-divider\">\n\t\t\t<span class=\"elementor-divider-separator\">\n\t\t\t\t\t\t<\/span>\n\t\t<\/div>\n\t\t\t\t<\/div>\n\t\t\t\t<\/div>\n\t\t\t\t\t<\/div>\n\t\t<\/div>\n\t\t\t\t\t\t\t<\/div>\n\t\t<\/section>\n\t\t\t\t<section class=\"elementor-section elementor-top-section elementor-element elementor-element-1486421 elementor-section-boxed elementor-section-height-default elementor-section-height-default\" data-id=\"1486421\" data-element_type=\"section\">\n\t\t\t\t\t\t<div class=\"elementor-container elementor-column-gap-default\">\n\t\t\t\t\t<div class=\"elementor-column elementor-col-50 elementor-top-column elementor-element elementor-element-53089f5\" data-id=\"53089f5\" data-element_type=\"column\">\n\t\t\t<div class=\"elementor-widget-wrap elementor-element-populated\">\n\t\t\t\t\t\t\t\t<section class=\"elementor-section elementor-inner-section elementor-element elementor-element-2d5c105 elementor-section-boxed elementor-section-height-default elementor-section-height-default\" data-id=\"2d5c105\" data-element_type=\"section\">\n\t\t\t\t\t\t<div class=\"elementor-container elementor-column-gap-default\">\n\t\t\t\t\t<div class=\"elementor-column elementor-col-50 elementor-inner-column elementor-element elementor-element-437161d\" data-id=\"437161d\" data-element_type=\"column\">\n\t\t\t<div class=\"elementor-widget-wrap elementor-element-populated\">\n\t\t\t\t\t\t\t\t<div class=\"elementor-element elementor-element-e52cbdc elementor-widget elementor-widget-image\" data-id=\"e52cbdc\" data-element_type=\"widget\" data-widget_type=\"image.default\">\n\t\t\t\t<div class=\"elementor-widget-container\">\n\t\t\t\t\t\t\t\t\t\t\t\t\t\t\t<img width=\"150\" height=\"150\" src=\"https:\/\/www.voyageenlivres.com\/wp-content\/uploads\/2026\/03\/COM-Mennella-Coralie2-1-150x150.jpg\" class=\"attachment-thumbnail size-thumbnail\" alt=\"\" loading=\"lazy\" sizes=\"100vw\" \/>\t\t\t\t\t\t\t\t\t\t\t\t\t\t\t<\/div>\n\t\t\t\t<\/div>\n\t\t\t\t<div class=\"elementor-element elementor-element-065e6b3 elementor-widget elementor-widget-image\" data-id=\"065e6b3\" data-element_type=\"widget\" data-widget_type=\"image.default\">\n\t\t\t\t<div class=\"elementor-widget-container\">\n\t\t\t\t\t\t\t\t\t\t\t\t\t\t\t<img width=\"150\" height=\"150\" src=\"https:\/\/www.voyageenlivres.com\/wp-content\/uploads\/2026\/03\/COM-Sterkers_Jeanne-1-150x150.jpg\" class=\"attachment-thumbnail size-thumbnail\" alt=\"\" loading=\"lazy\" sizes=\"100vw\" \/>\t\t\t\t\t\t\t\t\t\t\t\t\t\t\t<\/div>\n\t\t\t\t<\/div>\n\t\t\t\t\t<\/div>\n\t\t<\/div>\n\t\t\t\t<div class=\"elementor-column elementor-col-50 elementor-inner-column elementor-element elementor-element-46b085b\" data-id=\"46b085b\" data-element_type=\"column\">\n\t\t\t<div class=\"elementor-widget-wrap elementor-element-populated\">\n\t\t\t\t\t\t\t\t<div class=\"elementor-element elementor-element-9fa2c25 elementor-widget elementor-widget-text-editor\" data-id=\"9fa2c25\" data-element_type=\"widget\" data-widget_type=\"text-editor.default\">\n\t\t\t\t<div class=\"elementor-widget-container\">\n\t\t\t\t\t\t\t<p><b><span style=\"font-size: 14.0pt; font-family: 'Arial','sans-serif';\">Atelier mixte dessin\/\u00e9criture\u00a0<i>D\u00e9velopper la rencontre du texte et du dessin personnage<br \/><\/i><\/span><\/b><span style=\"font-size: 14.0pt; font-family: 'Arial','sans-serif';\">avec<\/span><b><span style=\"font-size: 14.0pt; font-family: 'Arial','sans-serif';\">\u00a0<\/span><\/b><b><span style=\"font-size: 14.0pt; font-family: 'Arial','sans-serif';\">Coralie Mennella <\/span><\/b><span style=\"font-size: 14.0pt; font-family: 'Arial','sans-serif';\">et<\/span><b><span style=\"font-size: 14.0pt; font-family: 'Arial','sans-serif';\"> Jeanne Sterkers\u00a0<\/span><\/b><span style=\"font-size: 10.0pt; mso-bidi-font-size: 12.0pt; font-family: 'Arial','sans-serif'; color: #212121;\">\u00a0<br \/><\/span>DIMANCHE 26 AVRIL\u00a0&#8211; 15h00<br \/>De 6 ans \u00e0 15 ans (dur\u00e9e 1h30 environ) Inscription conseill\u00e9e<a href=\"https:\/\/www.voyageenlivres.com\/index.php\/2026\/03\/29\/atelier-mixte-2026\/\" target=\"_blank\" rel=\"noopener\"> &gt;&gt;&gt;<\/a><\/p>\t\t\t\t\t\t<\/div>\n\t\t\t\t<\/div>\n\t\t\t\t\t<\/div>\n\t\t<\/div>\n\t\t\t\t\t\t\t<\/div>\n\t\t<\/section>\n\t\t\t\t\t<\/div>\n\t\t<\/div>\n\t\t\t\t<div class=\"elementor-column elementor-col-50 elementor-top-column elementor-element elementor-element-3b2e280\" data-id=\"3b2e280\" data-element_type=\"column\">\n\t\t\t<div class=\"elementor-widget-wrap elementor-element-populated\">\n\t\t\t\t\t\t\t\t<section class=\"elementor-section elementor-inner-section elementor-element elementor-element-696012b elementor-section-boxed elementor-section-height-default elementor-section-height-default\" data-id=\"696012b\" data-element_type=\"section\">\n\t\t\t\t\t\t<div class=\"elementor-container elementor-column-gap-default\">\n\t\t\t\t\t<div class=\"elementor-column elementor-col-50 elementor-inner-column elementor-element elementor-element-28a6007\" data-id=\"28a6007\" data-element_type=\"column\">\n\t\t\t<div class=\"elementor-widget-wrap elementor-element-populated\">\n\t\t\t\t\t\t\t\t<div class=\"elementor-element elementor-element-5085d13 elementor-widget elementor-widget-image\" data-id=\"5085d13\" data-element_type=\"widget\" data-widget_type=\"image.default\">\n\t\t\t\t<div class=\"elementor-widget-container\">\n\t\t\t\t\t\t\t\t\t\t\t\t\t\t\t<img width=\"786\" height=\"782\" src=\"https:\/\/www.voyageenlivres.com\/wp-content\/uploads\/2023\/03\/Pastorini_Chiara.jpg\" class=\"attachment-large size-large\" alt=\"\" loading=\"lazy\" srcset=\"https:\/\/www.voyageenlivres.com\/wp-content\/uploads\/2023\/03\/Pastorini_Chiara.jpg 786w, https:\/\/www.voyageenlivres.com\/wp-content\/uploads\/2023\/03\/Pastorini_Chiara-300x298.jpg 300w, https:\/\/www.voyageenlivres.com\/wp-content\/uploads\/2023\/03\/Pastorini_Chiara-150x150.jpg 150w, https:\/\/www.voyageenlivres.com\/wp-content\/uploads\/2023\/03\/Pastorini_Chiara-768x764.jpg 768w\" sizes=\"100vw\" \/>\t\t\t\t\t\t\t\t\t\t\t\t\t\t\t<\/div>\n\t\t\t\t<\/div>\n\t\t\t\t\t<\/div>\n\t\t<\/div>\n\t\t\t\t<div class=\"elementor-column elementor-col-50 elementor-inner-column elementor-element elementor-element-4c2be71\" data-id=\"4c2be71\" data-element_type=\"column\">\n\t\t\t<div class=\"elementor-widget-wrap elementor-element-populated\">\n\t\t\t\t\t\t\t\t<div class=\"elementor-element elementor-element-86cd464 elementor-widget elementor-widget-text-editor\" data-id=\"86cd464\" data-element_type=\"widget\" data-widget_type=\"text-editor.default\">\n\t\t\t\t<div class=\"elementor-widget-container\">\n\t\t\t\t\t\t\t<p><b><span style=\"font-size: 14.0pt; font-family: 'Arial','sans-serif';\">Atelier philo-art parents-enfants <i>Partir \u00e0 l&rsquo;aventure, c&rsquo;est quoi ?\u00a0<\/i><\/span><\/b><span style=\"font-size: 14.0pt; font-family: 'Arial','sans-serif';\">avec <b>Chiara Pastorini<\/b><\/span><span style=\"font-size: 10.0pt; mso-bidi-font-size: 12.0pt; font-family: 'Arial','sans-serif'; color: #212121;\"><br \/><\/span>DIMANCHE 26 AVRIL &#8211; 15h00<br \/>A partir de 4 ans (dur\u00e9e 1h30 environ) Inscription conseill\u00e9e <a href=\"https:\/\/www.voyageenlivres.com\/index.php\/2026\/03\/29\/atelier-philo-art-parents-enfants-2026\/\" target=\"_blank\" rel=\"noopener\">&gt;&gt;&gt; <\/a><\/p>\t\t\t\t\t\t<\/div>\n\t\t\t\t<\/div>\n\t\t\t\t<div class=\"elementor-element elementor-element-c174773 elementor-widget elementor-widget-text-editor\" data-id=\"c174773\" data-element_type=\"widget\" data-widget_type=\"text-editor.default\">\n\t\t\t\t<div class=\"elementor-widget-container\">\n\t\t\t\t\t\t\t\t\t\t\t\t\t<\/div>\n\t\t\t\t<\/div>\n\t\t\t\t\t<\/div>\n\t\t<\/div>\n\t\t\t\t\t\t\t<\/div>\n\t\t<\/section>\n\t\t\t\t\t<\/div>\n\t\t<\/div>\n\t\t\t\t\t\t\t<\/div>\n\t\t<\/section>\n\t\t\t\t<section class=\"elementor-section elementor-top-section elementor-element elementor-element-3ef1dba elementor-section-boxed elementor-section-height-default elementor-section-height-default\" data-id=\"3ef1dba\" data-element_type=\"section\">\n\t\t\t\t\t\t<div class=\"elementor-container elementor-column-gap-default\">\n\t\t\t\t\t<div class=\"elementor-column elementor-col-100 elementor-top-column elementor-element elementor-element-c9b064f\" data-id=\"c9b064f\" data-element_type=\"column\">\n\t\t\t<div class=\"elementor-widget-wrap elementor-element-populated\">\n\t\t\t\t\t\t\t\t<div class=\"elementor-element elementor-element-58465f4 elementor-widget-divider--view-line elementor-widget elementor-widget-divider\" data-id=\"58465f4\" data-element_type=\"widget\" data-widget_type=\"divider.default\">\n\t\t\t\t<div class=\"elementor-widget-container\">\n\t\t\t\t\t<div class=\"elementor-divider\">\n\t\t\t<span class=\"elementor-divider-separator\">\n\t\t\t\t\t\t<\/span>\n\t\t<\/div>\n\t\t\t\t<\/div>\n\t\t\t\t<\/div>\n\t\t\t\t\t<\/div>\n\t\t<\/div>\n\t\t\t\t\t\t\t<\/div>\n\t\t<\/section>\n\t\t\t\t\t\t\t<\/div>\n\t\t","protected":false},"excerpt":{"rendered":"<p>Atelier d\u2019\u00e9criture\u00a0\u00a0Explorer l\u2019art du personnage\u00a0avec Coralie Mennella\u00a0SAMEDI 25 AVRIL &#8211; 14h00De 6 ans \u00e0 15 ans (dur\u00e9e 2h) Inscription conseill\u00e9e\u00a0\u00a0&gt;&gt;&gt; Atelier dessin\u00a0Cr\u00e9er son propre personnage de BD avec Jeanne SterkersSAMEDI 25 AVRIL\u00a0&#8211; 16h30De 6 ans \u00e0 15 ans (dur\u00e9e 1h30 environ) Inscription conseill\u00e9e\u00a0&gt;&gt;&gt; Atelier mixte dessin\/\u00e9criture\u00a0D\u00e9velopper la rencontre du texte et du dessin personnageavec\u00a0Coralie Mennella &hellip; <\/p>\n<p class=\"link-more\"><a href=\"https:\/\/www.voyageenlivres.com\/index.php\/ateliers\/\" class=\"more-link\">Lire la suite de<span class=\"screen-reader-text\">\u00ab\u00a0Ateliers jeunes\u00a0\u00bb<\/span><\/a><\/p>\n","protected":false},"author":1,"featured_media":0,"parent":0,"menu_order":0,"comment_status":"closed","ping_status":"closed","template":"","meta":[],"_links":{"self":[{"href":"https:\/\/www.voyageenlivres.com\/index.php\/wp-json\/wp\/v2\/pages\/3037"}],"collection":[{"href":"https:\/\/www.voyageenlivres.com\/index.php\/wp-json\/wp\/v2\/pages"}],"about":[{"href":"https:\/\/www.voyageenlivres.com\/index.php\/wp-json\/wp\/v2\/types\/page"}],"author":[{"embeddable":true,"href":"https:\/\/www.voyageenlivres.com\/index.php\/wp-json\/wp\/v2\/users\/1"}],"replies":[{"embeddable":true,"href":"https:\/\/www.voyageenlivres.com\/index.php\/wp-json\/wp\/v2\/comments?post=3037"}],"version-history":[{"count":29,"href":"https:\/\/www.voyageenlivres.com\/index.php\/wp-json\/wp\/v2\/pages\/3037\/revisions"}],"predecessor-version":[{"id":6000,"href":"https:\/\/www.voyageenlivres.com\/index.php\/wp-json\/wp\/v2\/pages\/3037\/revisions\/6000"}],"wp:attachment":[{"href":"https:\/\/www.voyageenlivres.com\/index.php\/wp-json\/wp\/v2\/media?parent=3037"}],"curies":[{"name":"wp","href":"https:\/\/api.w.org\/{rel}","templated":true}]}}