{"id":3031,"date":"2024-03-05T21:06:03","date_gmt":"2024-03-05T20:06:03","guid":{"rendered":"http:\/\/www.voyageenlivres.com\/?page_id=3031"},"modified":"2026-04-18T10:40:48","modified_gmt":"2026-04-18T08:40:48","slug":"autres-exposants","status":"publish","type":"page","link":"https:\/\/www.voyageenlivres.com\/index.php\/autres-exposants\/","title":{"rendered":"Autres exposants"},"content":{"rendered":"\t\t<div data-elementor-type=\"wp-page\" data-elementor-id=\"3031\" class=\"elementor elementor-3031\">\n\t\t\t\t\t\t\t\t\t<section class=\"elementor-section elementor-top-section elementor-element elementor-element-5139b74 elementor-section-boxed elementor-section-height-default elementor-section-height-default\" data-id=\"5139b74\" data-element_type=\"section\">\n\t\t\t\t\t\t<div class=\"elementor-container elementor-column-gap-default\">\n\t\t\t\t\t<div class=\"elementor-column elementor-col-100 elementor-top-column elementor-element elementor-element-ac46bbd\" data-id=\"ac46bbd\" data-element_type=\"column\">\n\t\t\t<div class=\"elementor-widget-wrap elementor-element-populated\">\n\t\t\t\t\t\t\t\t<div class=\"elementor-element elementor-element-c1f94ea elementor-widget elementor-widget-text-editor\" data-id=\"c1f94ea\" data-element_type=\"widget\" data-widget_type=\"text-editor.default\">\n\t\t\t\t<div class=\"elementor-widget-container\">\n\t\t\t<style>\/*! elementor - v3.6.6 - 08-06-2022 *\/\n.elementor-widget-text-editor.elementor-drop-cap-view-stacked .elementor-drop-cap{background-color:#818a91;color:#fff}.elementor-widget-text-editor.elementor-drop-cap-view-framed .elementor-drop-cap{color:#818a91;border:3px solid;background-color:transparent}.elementor-widget-text-editor:not(.elementor-drop-cap-view-default) .elementor-drop-cap{margin-top:8px}.elementor-widget-text-editor:not(.elementor-drop-cap-view-default) .elementor-drop-cap-letter{width:1em;height:1em}.elementor-widget-text-editor .elementor-drop-cap{float:left;text-align:center;line-height:1;font-size:50px}.elementor-widget-text-editor .elementor-drop-cap-letter{display:inline-block}<\/style>\t\t\t\t<p>La liste des autres exposants pr\u00e9sents au salon 2026<\/p><p>\u00a0<\/p>\t\t\t\t\t\t<\/div>\n\t\t\t\t<\/div>\n\t\t\t\t\t<\/div>\n\t\t<\/div>\n\t\t\t\t\t\t\t<\/div>\n\t\t<\/section>\n\t\t\t\t<section class=\"elementor-section elementor-top-section elementor-element elementor-element-3570217 elementor-section-boxed elementor-section-height-default elementor-section-height-default\" data-id=\"3570217\" data-element_type=\"section\">\n\t\t\t\t\t\t<div class=\"elementor-container elementor-column-gap-default\">\n\t\t\t\t\t<div class=\"elementor-column elementor-col-100 elementor-top-column elementor-element elementor-element-1f343ad\" data-id=\"1f343ad\" data-element_type=\"column\">\n\t\t\t<div class=\"elementor-widget-wrap elementor-element-populated\">\n\t\t\t\t\t\t\t\t<div class=\"elementor-element elementor-element-804c22c elementor-widget elementor-widget-text-editor\" data-id=\"804c22c\" data-element_type=\"widget\" data-widget_type=\"text-editor.default\">\n\t\t\t\t<div class=\"elementor-widget-container\">\n\t\t\t\t\t\t\t<p>Autres exposants<\/p><p>Revues<\/p><p>\u00a0<a href=\"http:\/\/www.revuecabaret.com\" target=\"_blank\" rel=\"noopener\">Revue Cabaret<\/a><br \/>\u00a0<a href=\"http:\/\/revueverso.blogspot.com\" target=\"_blank\" rel=\"noopener\">Revue Verso<\/a><\/p><p>Librairie<\/p><p><a href=\"https:\/\/www.facebook.com\/profile.php?id=100063616957890\" target=\"_blank\" rel=\"noopener\">Librairie 2B<\/a><\/p><p>Associations<\/p><p><a href=\"https:\/\/www.lamarmite-asso.fr\" target=\"_blank\" rel=\"noopener\">La Marmite<\/a><\/p><p>Biblioth\u00e8ques<\/p><p><a href=\"https:\/\/www.bibliotheques-en-brionnais.net\" target=\"_blank\" rel=\"noopener\">R\u00e9seau des biblioth\u00e8ques Brionnais Sud Bourgogne<\/a><\/p><p>Patrimoine local<\/p><p>\u2022\u00a0 \u00a0\u00a0<a href=\"https:\/\/www.cep.charolais-brionnais.net\" target=\"_blank\" rel=\"noopener\">Centre d\u2019\u00c9tudes du Patrimoine Charollais Brionnais<\/a><br \/>\u2022\u00a0 \u00a0\u00a0<a href=\"https:\/\/www.memoirebrionnaise.com\" target=\"_blank\" rel=\"noopener\">M\u00e9moire Brionnaise, revue d\u2019Histoire locale<\/a><\/p>\t\t\t\t\t\t<\/div>\n\t\t\t\t<\/div>\n\t\t\t\t\t<\/div>\n\t\t<\/div>\n\t\t\t\t\t\t\t<\/div>\n\t\t<\/section>\n\t\t\t\t<section class=\"elementor-section elementor-top-section elementor-element elementor-element-0d5aae3 elementor-section-boxed elementor-section-height-default elementor-section-height-default\" data-id=\"0d5aae3\" data-element_type=\"section\">\n\t\t\t\t\t\t<div class=\"elementor-container elementor-column-gap-default\">\n\t\t\t\t\t<div class=\"elementor-column elementor-col-33 elementor-top-column elementor-element elementor-element-e988d54\" data-id=\"e988d54\" data-element_type=\"column\">\n\t\t\t<div class=\"elementor-widget-wrap elementor-element-populated\">\n\t\t\t\t\t\t\t\t<div class=\"elementor-element elementor-element-0cbaa01 elementor-widget elementor-widget-image\" data-id=\"0cbaa01\" data-element_type=\"widget\" data-widget_type=\"image.default\">\n\t\t\t\t<div class=\"elementor-widget-container\">\n\t\t\t<style>\/*! elementor - v3.6.6 - 08-06-2022 *\/\n.elementor-widget-image{text-align:center}.elementor-widget-image a{display:inline-block}.elementor-widget-image a img[src$=\".svg\"]{width:48px}.elementor-widget-image img{vertical-align:middle;display:inline-block}<\/style>\t\t\t\t\t\t\t\t\t\t\t\t<img width=\"300\" height=\"200\" src=\"https:\/\/www.voyageenlivres.com\/wp-content\/uploads\/2025\/03\/atr2-300x200.jpg\" class=\"attachment-medium size-medium\" alt=\"\" loading=\"lazy\" srcset=\"https:\/\/www.voyageenlivres.com\/wp-content\/uploads\/2025\/03\/atr2-300x200.jpg 300w, https:\/\/www.voyageenlivres.com\/wp-content\/uploads\/2025\/03\/atr2-1024x683.jpg 1024w, https:\/\/www.voyageenlivres.com\/wp-content\/uploads\/2025\/03\/atr2-768x512.jpg 768w, https:\/\/www.voyageenlivres.com\/wp-content\/uploads\/2025\/03\/atr2-1536x1024.jpg 1536w, https:\/\/www.voyageenlivres.com\/wp-content\/uploads\/2025\/03\/atr2-2048x1365.jpg 2048w, https:\/\/www.voyageenlivres.com\/wp-content\/uploads\/2025\/03\/atr2-2000x1333.jpg 2000w\" sizes=\"100vw\" \/>\t\t\t\t\t\t\t\t\t\t\t\t\t\t\t<\/div>\n\t\t\t\t<\/div>\n\t\t\t\t\t<\/div>\n\t\t<\/div>\n\t\t\t\t<div class=\"elementor-column elementor-col-33 elementor-top-column elementor-element elementor-element-0176be6\" data-id=\"0176be6\" data-element_type=\"column\">\n\t\t\t<div class=\"elementor-widget-wrap elementor-element-populated\">\n\t\t\t\t\t\t\t\t<div class=\"elementor-element elementor-element-0a67f12 elementor-widget elementor-widget-image\" data-id=\"0a67f12\" data-element_type=\"widget\" data-widget_type=\"image.default\">\n\t\t\t\t<div class=\"elementor-widget-container\">\n\t\t\t\t\t\t\t\t\t\t\t\t\t\t\t<img width=\"300\" height=\"225\" src=\"https:\/\/www.voyageenlivres.com\/wp-content\/uploads\/2025\/03\/autr0-300x225.jpg\" class=\"attachment-medium size-medium\" alt=\"\" loading=\"lazy\" srcset=\"https:\/\/www.voyageenlivres.com\/wp-content\/uploads\/2025\/03\/autr0-300x225.jpg 300w, https:\/\/www.voyageenlivres.com\/wp-content\/uploads\/2025\/03\/autr0-1024x768.jpg 1024w, https:\/\/www.voyageenlivres.com\/wp-content\/uploads\/2025\/03\/autr0-768x576.jpg 768w, https:\/\/www.voyageenlivres.com\/wp-content\/uploads\/2025\/03\/autr0-1536x1152.jpg 1536w, https:\/\/www.voyageenlivres.com\/wp-content\/uploads\/2025\/03\/autr0-2048x1536.jpg 2048w, https:\/\/www.voyageenlivres.com\/wp-content\/uploads\/2025\/03\/autr0-2000x1500.jpg 2000w\" sizes=\"100vw\" \/>\t\t\t\t\t\t\t\t\t\t\t\t\t\t\t<\/div>\n\t\t\t\t<\/div>\n\t\t\t\t\t<\/div>\n\t\t<\/div>\n\t\t\t\t<div class=\"elementor-column elementor-col-33 elementor-top-column elementor-element elementor-element-6f7fe2c\" data-id=\"6f7fe2c\" data-element_type=\"column\">\n\t\t\t<div class=\"elementor-widget-wrap elementor-element-populated\">\n\t\t\t\t\t\t\t\t<div class=\"elementor-element elementor-element-37d2fec elementor-widget elementor-widget-image\" data-id=\"37d2fec\" data-element_type=\"widget\" data-widget_type=\"image.default\">\n\t\t\t\t<div class=\"elementor-widget-container\">\n\t\t\t\t\t\t\t\t\t\t\t\t\t\t\t<img width=\"300\" height=\"200\" src=\"https:\/\/www.voyageenlivres.com\/wp-content\/uploads\/2025\/03\/au2-300x200.jpg\" class=\"attachment-medium size-medium\" alt=\"\" loading=\"lazy\" srcset=\"https:\/\/www.voyageenlivres.com\/wp-content\/uploads\/2025\/03\/au2-300x200.jpg 300w, https:\/\/www.voyageenlivres.com\/wp-content\/uploads\/2025\/03\/au2-1024x683.jpg 1024w, https:\/\/www.voyageenlivres.com\/wp-content\/uploads\/2025\/03\/au2-768x512.jpg 768w, https:\/\/www.voyageenlivres.com\/wp-content\/uploads\/2025\/03\/au2-1536x1024.jpg 1536w, https:\/\/www.voyageenlivres.com\/wp-content\/uploads\/2025\/03\/au2-2048x1365.jpg 2048w, https:\/\/www.voyageenlivres.com\/wp-content\/uploads\/2025\/03\/au2-2000x1333.jpg 2000w\" sizes=\"100vw\" \/>\t\t\t\t\t\t\t\t\t\t\t\t\t\t\t<\/div>\n\t\t\t\t<\/div>\n\t\t\t\t\t<\/div>\n\t\t<\/div>\n\t\t\t\t\t\t\t<\/div>\n\t\t<\/section>\n\t\t\t\t\t\t\t<\/div>\n\t\t","protected":false},"excerpt":{"rendered":"<p>La liste des autres exposants pr\u00e9sents au salon 2026 \u00a0 Autres exposants Revues \u00a0Revue Cabaret\u00a0Revue Verso Librairie Librairie 2B Associations La Marmite Biblioth\u00e8ques R\u00e9seau des biblioth\u00e8ques Brionnais Sud Bourgogne Patrimoine local \u2022\u00a0 \u00a0\u00a0Centre d\u2019\u00c9tudes du Patrimoine Charollais Brionnais\u2022\u00a0 \u00a0\u00a0M\u00e9moire Brionnaise, revue d\u2019Histoire locale<\/p>\n","protected":false},"author":1,"featured_media":0,"parent":0,"menu_order":0,"comment_status":"closed","ping_status":"closed","template":"","meta":[],"_links":{"self":[{"href":"https:\/\/www.voyageenlivres.com\/index.php\/wp-json\/wp\/v2\/pages\/3031"}],"collection":[{"href":"https:\/\/www.voyageenlivres.com\/index.php\/wp-json\/wp\/v2\/pages"}],"about":[{"href":"https:\/\/www.voyageenlivres.com\/index.php\/wp-json\/wp\/v2\/types\/page"}],"author":[{"embeddable":true,"href":"https:\/\/www.voyageenlivres.com\/index.php\/wp-json\/wp\/v2\/users\/1"}],"replies":[{"embeddable":true,"href":"https:\/\/www.voyageenlivres.com\/index.php\/wp-json\/wp\/v2\/comments?post=3031"}],"version-history":[{"count":73,"href":"https:\/\/www.voyageenlivres.com\/index.php\/wp-json\/wp\/v2\/pages\/3031\/revisions"}],"predecessor-version":[{"id":6252,"href":"https:\/\/www.voyageenlivres.com\/index.php\/wp-json\/wp\/v2\/pages\/3031\/revisions\/6252"}],"wp:attachment":[{"href":"https:\/\/www.voyageenlivres.com\/index.php\/wp-json\/wp\/v2\/media?parent=3031"}],"curies":[{"name":"wp","href":"https:\/\/api.w.org\/{rel}","templated":true}]}}