{"id":3,"date":"2021-07-20T16:11:41","date_gmt":"2021-07-20T14:11:41","guid":{"rendered":"http:\/\/elmpmlx.cluster031.hosting.ovh.net\/?page_id=3"},"modified":"2023-09-11T18:59:59","modified_gmt":"2023-09-11T16:59:59","slug":"politique-de-confidentialite","status":"publish","type":"page","link":"https:\/\/www.voyageenlivres.com\/index.php\/politique-de-confidentialite\/","title":{"rendered":"Mentions L\u00e9gales"},"content":{"rendered":"\n<h2>Mentions L\u00e9gales<\/h2>\n\n\n\n<p><strong>1. Qui sommes-nous ? <\/strong><\/p>\n\n\n\n<p>L\u2019adresse de notre site Web est&nbsp;: www.voyageenlivres.com<\/p>\n\n\n\n<p>Ce site Web a \u00e9t\u00e9 r\u00e9alis\u00e9 par Mr. Simon Borelle, domicili\u00e9 au 38 rue pasteur \u00e0 Saint Andr\u00e9 lez Lille (59350) via WordPress. <br>Ce site est h\u00e9berg\u00e9 par OVH, dont le si\u00e8ge sociale est situ\u00e9 au 2 rue Kellermann \u00e0 Roubaix (59100) et dont le site internet est le suivant : www.ovh.com<\/p>\n\n\n\n<p><strong>Voyage en Livres<\/strong> est la propri\u00e9t\u00e9 de l&rsquo;association <strong>Le Petit Rameur <\/strong>Responsable de la Publication : Alain Crozier<br>Si\u00e8ge social : Le Petit Rameur &#8211; 31, rue Lamartine 71800 La Clayette<br>T\u00e9l\u00e9phone : 0385242169 \/ 0670937740<br>Siret : 84828022800018<br>Code NAF : 9499Z<br>N\u00b0 TVA Intracommunautaire : FR09848280228<br>le-petit-rameur@laposte.net<\/p>\n\n\n\n<p><strong>2. Propri\u00e9t\u00e9 intellectuelle &amp; cr\u00e9dits<\/strong><\/p>\n\n\n\n<p>Le site Internet www.voyageenlivres.com est une \u0153uvre de l&rsquo;esprit prot\u00e9g\u00e9e par la l\u00e9gislation fran\u00e7aise et internationale en vigueur sur le droit d&rsquo;auteur et la propri\u00e9t\u00e9 intellectuelle, litt\u00e9raire, musicale et artistique et les autres droits similaires. L&rsquo;ensemble des \u00e9l\u00e9ments le composant sont prot\u00e9g\u00e9s par les droits de propri\u00e9t\u00e9 intellectuelle et sont la propri\u00e9t\u00e9 exclusive de l\u2019association <em>Le Petit Rameur<\/em>, sauf cr\u00e9dits signal\u00e9s.<\/p>\n\n\n\n<p>Toute reproduction est interdite sans autorisation<\/p>\n\n\n\n<p><strong>3. Gestion des donn\u00e9es personnelles<br><\/strong><br>Le site www.voyageenlivres.com n&rsquo;est pas d\u00e9clar\u00e9 \u00e0 la CNIL car il ne recueille pas d&rsquo;informations personnelles.<\/p>\n\n\n\n<p><\/p>\n\n\n\n<p><\/p>\n\n\n\n<p><\/p>\n\n\n\n<p><\/p>\n","protected":false},"excerpt":{"rendered":"<p>Mentions L\u00e9gales 1. Qui sommes-nous ? L\u2019adresse de notre site Web est&nbsp;: www.voyageenlivres.com Ce site Web a \u00e9t\u00e9 r\u00e9alis\u00e9 par Mr. Simon Borelle, domicili\u00e9 au 38 rue pasteur \u00e0 Saint Andr\u00e9 lez Lille (59350) via WordPress. Ce site est h\u00e9berg\u00e9 par OVH, dont le si\u00e8ge sociale est situ\u00e9 au 2 rue Kellermann \u00e0 Roubaix (59100) &hellip; <\/p>\n<p class=\"link-more\"><a href=\"https:\/\/www.voyageenlivres.com\/index.php\/politique-de-confidentialite\/\" class=\"more-link\">Lire la suite de<span class=\"screen-reader-text\">\u00ab\u00a0Mentions L\u00e9gales\u00a0\u00bb<\/span><\/a><\/p>\n","protected":false},"author":1,"featured_media":0,"parent":0,"menu_order":0,"comment_status":"closed","ping_status":"open","template":"","meta":[],"_links":{"self":[{"href":"https:\/\/www.voyageenlivres.com\/index.php\/wp-json\/wp\/v2\/pages\/3"}],"collection":[{"href":"https:\/\/www.voyageenlivres.com\/index.php\/wp-json\/wp\/v2\/pages"}],"about":[{"href":"https:\/\/www.voyageenlivres.com\/index.php\/wp-json\/wp\/v2\/types\/page"}],"author":[{"embeddable":true,"href":"https:\/\/www.voyageenlivres.com\/index.php\/wp-json\/wp\/v2\/users\/1"}],"replies":[{"embeddable":true,"href":"https:\/\/www.voyageenlivres.com\/index.php\/wp-json\/wp\/v2\/comments?post=3"}],"version-history":[{"count":7,"href":"https:\/\/www.voyageenlivres.com\/index.php\/wp-json\/wp\/v2\/pages\/3\/revisions"}],"predecessor-version":[{"id":1546,"href":"https:\/\/www.voyageenlivres.com\/index.php\/wp-json\/wp\/v2\/pages\/3\/revisions\/1546"}],"wp:attachment":[{"href":"https:\/\/www.voyageenlivres.com\/index.php\/wp-json\/wp\/v2\/media?parent=3"}],"curies":[{"name":"wp","href":"https:\/\/api.w.org\/{rel}","templated":true}]}}