{"id":2768,"date":"2024-03-05T15:52:42","date_gmt":"2024-03-05T14:52:42","guid":{"rendered":"http:\/\/www.voyageenlivres.com\/?page_id=2768"},"modified":"2024-03-05T19:58:02","modified_gmt":"2024-03-05T18:58:02","slug":"lieux","status":"publish","type":"page","link":"https:\/\/www.voyageenlivres.com\/index.php\/lieux\/","title":{"rendered":"Lieux"},"content":{"rendered":"\t\t<div data-elementor-type=\"wp-page\" data-elementor-id=\"2768\" class=\"elementor elementor-2768\">\n\t\t\t\t\t\t\t\t\t<section class=\"elementor-section elementor-top-section elementor-element elementor-element-6000cc5 elementor-section-boxed elementor-section-height-default elementor-section-height-default\" data-id=\"6000cc5\" data-element_type=\"section\">\n\t\t\t\t\t\t<div class=\"elementor-container elementor-column-gap-default\">\n\t\t\t\t\t<div class=\"elementor-column elementor-col-100 elementor-top-column elementor-element elementor-element-5a56b07\" data-id=\"5a56b07\" data-element_type=\"column\">\n\t\t\t<div class=\"elementor-widget-wrap elementor-element-populated\">\n\t\t\t\t\t\t\t\t<div class=\"elementor-element elementor-element-6af571a elementor-widget elementor-widget-text-editor\" data-id=\"6af571a\" data-element_type=\"widget\" data-widget_type=\"text-editor.default\">\n\t\t\t\t<div class=\"elementor-widget-container\">\n\t\t\t<style>\/*! elementor - v3.6.6 - 08-06-2022 *\/\n.elementor-widget-text-editor.elementor-drop-cap-view-stacked .elementor-drop-cap{background-color:#818a91;color:#fff}.elementor-widget-text-editor.elementor-drop-cap-view-framed .elementor-drop-cap{color:#818a91;border:3px solid;background-color:transparent}.elementor-widget-text-editor:not(.elementor-drop-cap-view-default) .elementor-drop-cap{margin-top:8px}.elementor-widget-text-editor:not(.elementor-drop-cap-view-default) .elementor-drop-cap-letter{width:1em;height:1em}.elementor-widget-text-editor .elementor-drop-cap{float:left;text-align:center;line-height:1;font-size:50px}.elementor-widget-text-editor .elementor-drop-cap-letter{display:inline-block}<\/style>\t\t\t\t<p>Toute l&rsquo;activit\u00e9 du salon est situ\u00e9e dans l&rsquo;enceinte de la Salle des f\u00eates de La Clayette. Construite en 1886, elle dispose d&rsquo;un grand parking, de deux salles, bar, loges&#8230;<\/p>\t\t\t\t\t\t<\/div>\n\t\t\t\t<\/div>\n\t\t\t\t\t<\/div>\n\t\t<\/div>\n\t\t\t\t\t\t\t<\/div>\n\t\t<\/section>\n\t\t\t\t<section class=\"elementor-section elementor-top-section elementor-element elementor-element-74dcc48 elementor-section-boxed elementor-section-height-default elementor-section-height-default\" data-id=\"74dcc48\" data-element_type=\"section\">\n\t\t\t\t\t\t<div class=\"elementor-container elementor-column-gap-default\">\n\t\t\t\t\t<div class=\"elementor-column elementor-col-100 elementor-top-column elementor-element elementor-element-a3d64b8\" data-id=\"a3d64b8\" data-element_type=\"column\">\n\t\t\t<div class=\"elementor-widget-wrap elementor-element-populated\">\n\t\t\t\t\t\t\t\t<div class=\"elementor-element elementor-element-06286a6 elementor-widget elementor-widget-text-editor\" data-id=\"06286a6\" data-element_type=\"widget\" data-widget_type=\"text-editor.default\">\n\t\t\t\t<div class=\"elementor-widget-container\">\n\t\t\t\t\t\t\t<p><b>Salle des F\u00eates<br>80 rue Lamartine<br>71800 LA CLAYETTE<\/b><\/p>\t\t\t\t\t\t<\/div>\n\t\t\t\t<\/div>\n\t\t\t\t\t<\/div>\n\t\t<\/div>\n\t\t\t\t\t\t\t<\/div>\n\t\t<\/section>\n\t\t\t\t<section class=\"elementor-section elementor-top-section elementor-element elementor-element-244d67a elementor-section-boxed elementor-section-height-default elementor-section-height-default\" data-id=\"244d67a\" data-element_type=\"section\">\n\t\t\t\t\t\t<div class=\"elementor-container elementor-column-gap-default\">\n\t\t\t\t\t<div class=\"elementor-column elementor-col-50 elementor-top-column elementor-element elementor-element-cda0a3e\" data-id=\"cda0a3e\" data-element_type=\"column\">\n\t\t\t<div class=\"elementor-widget-wrap elementor-element-populated\">\n\t\t\t\t\t\t\t\t<div class=\"elementor-element elementor-element-a8b8bd3 elementor-widget elementor-widget-text-editor\" data-id=\"a8b8bd3\" data-element_type=\"widget\" data-widget_type=\"text-editor.default\">\n\t\t\t\t<div class=\"elementor-widget-container\">\n\t\t\t\t\t\t\t<p>Le hall d&rsquo;entr\u00e9e vous accueille, et vous propose une exposition.<br><\/p>\n<p>La grande salle accueille les dizaines d&rsquo;exposants, ainsi que les lectures destin\u00e9es au plus jeunes.<br><\/p>\n<p>La petite salle accueille les rencontres avec les auteurs, et certaines animations (voir programme)<br><\/p>\n<p>La grande loge accueille les ateliers.<br><\/p>\n<p>Le bar accueille le village gourmand, qui vous propose de la restauration et un espace pour se pauser&#8230; et lire.<br><\/p>\t\t\t\t\t\t<\/div>\n\t\t\t\t<\/div>\n\t\t\t\t\t<\/div>\n\t\t<\/div>\n\t\t\t\t<div class=\"elementor-column elementor-col-50 elementor-top-column elementor-element elementor-element-fc6cf33\" data-id=\"fc6cf33\" data-element_type=\"column\">\n\t\t\t<div class=\"elementor-widget-wrap elementor-element-populated\">\n\t\t\t\t\t\t\t\t<div class=\"elementor-element elementor-element-4d74403 elementor-widget elementor-widget-google_maps\" data-id=\"4d74403\" data-element_type=\"widget\" data-widget_type=\"google_maps.default\">\n\t\t\t\t<div class=\"elementor-widget-container\">\n\t\t\t<style>\/*! elementor - v3.6.6 - 08-06-2022 *\/\n.elementor-widget-google_maps .elementor-widget-container{overflow:hidden}.elementor-widget-google_maps iframe{height:300px}<\/style>\t\t<div class=\"elementor-custom-embed\">\n\t\t\t<iframe frameborder=\"0\" scrolling=\"no\" marginheight=\"0\" marginwidth=\"0\"\n\t\t\t\t\tsrc=\"https:\/\/maps.google.com\/maps?q=salle%20des%20f%C3%AAtes%20-%20La%20Clayette&#038;t=m&#038;z=15&#038;output=embed&#038;iwloc=near\"\n\t\t\t\t\ttitle=\"salle des f\u00eates - La Clayette\"\n\t\t\t\t\taria-label=\"salle des f\u00eates - La Clayette\"\n\t\t\t><\/iframe>\n\t\t<\/div>\n\t\t\t\t<\/div>\n\t\t\t\t<\/div>\n\t\t\t\t\t<\/div>\n\t\t<\/div>\n\t\t\t\t\t\t\t<\/div>\n\t\t<\/section>\n\t\t\t\t\t\t\t<\/div>\n\t\t","protected":false},"excerpt":{"rendered":"<p>Toute l&rsquo;activit\u00e9 du salon est situ\u00e9e dans l&rsquo;enceinte de la Salle des f\u00eates de La Clayette. Construite en 1886, elle dispose d&rsquo;un grand parking, de deux salles, bar, loges&#8230; Salle des F\u00eates80 rue Lamartine71800 LA CLAYETTE Le hall d&rsquo;entr\u00e9e vous accueille, et vous propose une exposition. La grande salle accueille les dizaines d&rsquo;exposants, ainsi que &hellip; <\/p>\n<p class=\"link-more\"><a href=\"https:\/\/www.voyageenlivres.com\/index.php\/lieux\/\" class=\"more-link\">Lire la suite de<span class=\"screen-reader-text\">\u00ab\u00a0Lieux\u00a0\u00bb<\/span><\/a><\/p>\n","protected":false},"author":1,"featured_media":0,"parent":0,"menu_order":0,"comment_status":"closed","ping_status":"closed","template":"","meta":[],"_links":{"self":[{"href":"https:\/\/www.voyageenlivres.com\/index.php\/wp-json\/wp\/v2\/pages\/2768"}],"collection":[{"href":"https:\/\/www.voyageenlivres.com\/index.php\/wp-json\/wp\/v2\/pages"}],"about":[{"href":"https:\/\/www.voyageenlivres.com\/index.php\/wp-json\/wp\/v2\/types\/page"}],"author":[{"embeddable":true,"href":"https:\/\/www.voyageenlivres.com\/index.php\/wp-json\/wp\/v2\/users\/1"}],"replies":[{"embeddable":true,"href":"https:\/\/www.voyageenlivres.com\/index.php\/wp-json\/wp\/v2\/comments?post=2768"}],"version-history":[{"count":34,"href":"https:\/\/www.voyageenlivres.com\/index.php\/wp-json\/wp\/v2\/pages\/2768\/revisions"}],"predecessor-version":[{"id":3019,"href":"https:\/\/www.voyageenlivres.com\/index.php\/wp-json\/wp\/v2\/pages\/2768\/revisions\/3019"}],"wp:attachment":[{"href":"https:\/\/www.voyageenlivres.com\/index.php\/wp-json\/wp\/v2\/media?parent=2768"}],"curies":[{"name":"wp","href":"https:\/\/api.w.org\/{rel}","templated":true}]}}