{"id":2585,"date":"2024-02-28T21:44:52","date_gmt":"2024-02-28T20:44:52","guid":{"rendered":"http:\/\/www.voyageenlivres.com\/?page_id=2585"},"modified":"2024-05-25T22:19:21","modified_gmt":"2024-05-25T20:19:21","slug":"visite-pmr","status":"publish","type":"page","link":"https:\/\/www.voyageenlivres.com\/index.php\/visite-pmr\/","title":{"rendered":"Visite PMR"},"content":{"rendered":"\t\t<div data-elementor-type=\"wp-page\" data-elementor-id=\"2585\" class=\"elementor elementor-2585\">\n\t\t\t\t\t\t\t\t\t<section class=\"elementor-section elementor-top-section elementor-element elementor-element-460cb7b elementor-section-boxed elementor-section-height-default elementor-section-height-default\" data-id=\"460cb7b\" data-element_type=\"section\">\n\t\t\t\t\t\t<div class=\"elementor-container elementor-column-gap-default\">\n\t\t\t\t\t<div class=\"elementor-column elementor-col-100 elementor-top-column elementor-element elementor-element-89db3eb\" data-id=\"89db3eb\" data-element_type=\"column\">\n\t\t\t<div class=\"elementor-widget-wrap elementor-element-populated\">\n\t\t\t\t\t\t\t\t<div class=\"elementor-element elementor-element-43b3f1a elementor-widget elementor-widget-heading\" data-id=\"43b3f1a\" data-element_type=\"widget\" data-widget_type=\"heading.default\">\n\t\t\t\t<div class=\"elementor-widget-container\">\n\t\t\t<style>\/*! elementor - v3.6.6 - 08-06-2022 *\/\n.elementor-heading-title{padding:0;margin:0;line-height:1}.elementor-widget-heading .elementor-heading-title[class*=elementor-size-]>a{color:inherit;font-size:inherit;line-height:inherit}.elementor-widget-heading .elementor-heading-title.elementor-size-small{font-size:15px}.elementor-widget-heading .elementor-heading-title.elementor-size-medium{font-size:19px}.elementor-widget-heading .elementor-heading-title.elementor-size-large{font-size:29px}.elementor-widget-heading .elementor-heading-title.elementor-size-xl{font-size:39px}.elementor-widget-heading .elementor-heading-title.elementor-size-xxl{font-size:59px}<\/style><h2 class=\"elementor-heading-title elementor-size-default\"><div><div><div><main role=\"main\"><article><header><div><h1><\/h1><h1>Visite guid\u00e9e du salon pour<br>Personnes \u00e0 Mobilit\u00e9 R\u00e9duite<\/h1><\/div><\/header><\/article><\/main><\/div><\/div><\/div><\/h2>\t\t<\/div>\n\t\t\t\t<\/div>\n\t\t\t\t\t<\/div>\n\t\t<\/div>\n\t\t\t\t\t\t\t<\/div>\n\t\t<\/section>\n\t\t\t\t<section class=\"elementor-section elementor-top-section elementor-element elementor-element-1dc4a76 elementor-section-boxed elementor-section-height-default elementor-section-height-default\" data-id=\"1dc4a76\" data-element_type=\"section\">\n\t\t\t\t\t\t<div class=\"elementor-container elementor-column-gap-default\">\n\t\t\t\t\t<div class=\"elementor-column elementor-col-50 elementor-top-column elementor-element elementor-element-efc8aa0\" data-id=\"efc8aa0\" data-element_type=\"column\">\n\t\t\t<div class=\"elementor-widget-wrap elementor-element-populated\">\n\t\t\t\t\t\t\t\t<div class=\"elementor-element elementor-element-a09bfee elementor-widget elementor-widget-text-editor\" data-id=\"a09bfee\" data-element_type=\"widget\" data-widget_type=\"text-editor.default\">\n\t\t\t\t<div class=\"elementor-widget-container\">\n\t\t\t<style>\/*! elementor - v3.6.6 - 08-06-2022 *\/\n.elementor-widget-text-editor.elementor-drop-cap-view-stacked .elementor-drop-cap{background-color:#818a91;color:#fff}.elementor-widget-text-editor.elementor-drop-cap-view-framed .elementor-drop-cap{color:#818a91;border:3px solid;background-color:transparent}.elementor-widget-text-editor:not(.elementor-drop-cap-view-default) .elementor-drop-cap{margin-top:8px}.elementor-widget-text-editor:not(.elementor-drop-cap-view-default) .elementor-drop-cap-letter{width:1em;height:1em}.elementor-widget-text-editor .elementor-drop-cap{float:left;text-align:center;line-height:1;font-size:50px}.elementor-widget-text-editor .elementor-drop-cap-letter{display:inline-block}<\/style>\t\t\t\t<p><b>Avec Catherine Perret et l\u2019A.S.E.H<\/b><\/p>\t\t\t\t\t\t<\/div>\n\t\t\t\t<\/div>\n\t\t\t\t\t<\/div>\n\t\t<\/div>\n\t\t\t\t<div class=\"elementor-column elementor-col-50 elementor-top-column elementor-element elementor-element-1cfe04b\" data-id=\"1cfe04b\" data-element_type=\"column\">\n\t\t\t<div class=\"elementor-widget-wrap elementor-element-populated\">\n\t\t\t\t\t\t\t\t<div class=\"elementor-element elementor-element-1829916 elementor-widget elementor-widget-text-editor\" data-id=\"1829916\" data-element_type=\"widget\" data-widget_type=\"text-editor.default\">\n\t\t\t\t<div class=\"elementor-widget-container\">\n\t\t\t\t\t\t\t<p>Gratuit et sur r\u00e9servation au 06 26 37 30 78<\/p>\t\t\t\t\t\t<\/div>\n\t\t\t\t<\/div>\n\t\t\t\t\t<\/div>\n\t\t<\/div>\n\t\t\t\t\t\t\t<\/div>\n\t\t<\/section>\n\t\t\t\t<section class=\"elementor-section elementor-top-section elementor-element elementor-element-7516718 elementor-section-boxed elementor-section-height-default elementor-section-height-default\" data-id=\"7516718\" data-element_type=\"section\">\n\t\t\t\t\t\t<div class=\"elementor-container elementor-column-gap-default\">\n\t\t\t\t\t<div class=\"elementor-column elementor-col-100 elementor-top-column elementor-element elementor-element-06f4da9\" data-id=\"06f4da9\" data-element_type=\"column\">\n\t\t\t<div class=\"elementor-widget-wrap elementor-element-populated\">\n\t\t\t\t\t\t\t\t<div class=\"elementor-element elementor-element-ff2fce3 elementor-widget elementor-widget-text-editor\" data-id=\"ff2fce3\" data-element_type=\"widget\" data-widget_type=\"text-editor.default\">\n\t\t\t\t<div class=\"elementor-widget-container\">\n\t\t\t\t\t\t\t<p>Depuis 2021, l\u2019art-th\u00e9rapeute Catherine Perret propose, sous r\u00e9servation, des visites guid\u00e9es gratuites d\u2019une heure et demie du salon du livre de La Clayette, avec l\u2019association ASEH par l\u2019art-th\u00e9rapie moderne, cr\u00e9\u00e9e en 2016 pour r\u00e9pondre \u00e0 un besoin d\u2019accessibilit\u00e9 aux soins param\u00e9dicaux, \u00e0 l\u2019art et \u00e0 la culture.<\/p>\t\t\t\t\t\t<\/div>\n\t\t\t\t<\/div>\n\t\t\t\t\t<\/div>\n\t\t<\/div>\n\t\t\t\t\t\t\t<\/div>\n\t\t<\/section>\n\t\t\t\t<section class=\"elementor-section elementor-top-section elementor-element elementor-element-ad84dae elementor-section-boxed elementor-section-height-default elementor-section-height-default\" data-id=\"ad84dae\" data-element_type=\"section\">\n\t\t\t\t\t\t<div class=\"elementor-container elementor-column-gap-default\">\n\t\t\t\t\t<div class=\"elementor-column elementor-col-50 elementor-top-column elementor-element elementor-element-3902060\" data-id=\"3902060\" data-element_type=\"column\">\n\t\t\t<div class=\"elementor-widget-wrap elementor-element-populated\">\n\t\t\t\t\t\t\t\t<div class=\"elementor-element elementor-element-acaa5cf elementor-widget elementor-widget-text-editor\" data-id=\"acaa5cf\" data-element_type=\"widget\" data-widget_type=\"text-editor.default\">\n\t\t\t\t<div class=\"elementor-widget-container\">\n\t\t\t\t\t\t\t<p>La rencontre commencera par un temps de partage, avec des \u00e9changes sur les besoins de chacun d\u2019\u00eatre accompagn\u00e9 pour oser ouvrir un livre, lire ou bien \u00e9changer avec un auteur. Ici, la personne n\u2019est pas tenue d\u2019\u00eatre lectrice mais simplement d\u2019avoir un attrait pour le livre objet et l\u2019histoire racont\u00e9e. Un jeu sera propos\u00e9 au groupe, une devinette o\u00f9 bien s\u00fbr toutes les r\u00e9ponses seront donn\u00e9es au cours de la visite. Vous deviendrez alors des Sherlock Holmes ou des Hercule Poirot, \u00e0 l\u2019aff\u00fbt d\u2019un moindre indice. Ce sera pour nous l\u2019occasion de naviguer d\u2019un banc \u00e0 l\u2019autre pour questionner nos auteurs pr\u00e9sents \u00e0 La Clayette ce jour-l\u00e0. Le jeu est alors le plaisir de passer un bon moment avec la litt\u00e9rature fran\u00e7aise de nos jours. L\u2019association organise des accompagnements de sorties culturelles dans la r\u00e9gion. La visite guid\u00e9e vise \u00e0 inscrire ces personnes dans le bien-\u00eatre en mettant en avant la sp\u00e9cificit\u00e9 d\u2019un suivi en art-th\u00e9rapie.<\/p>\n<p>Catherine Perret : art-th\u00e9rapeute, dipl\u00f4m\u00e9e de la facult\u00e9 de m\u00e9decine de Tours 2008. Artiste peintre et pr\u00e9paratrice en pharmacie, elle touche du doigt les limites d\u2019un soin venu de l\u2019ext\u00e9rieur. En parall\u00e8le, elle prend conscience des effets b\u00e9n\u00e9fiques de l\u2019art sur l\u2019Etre int\u00e9rieur. C\u2019est donc naturellement qu\u2019elle lie l\u2019art \u00e0 la th\u00e9rapie et se forme, en 2005, \u00e0 l\u2019\u00e9cole d\u2019Art Th\u00e9rapie de Tours (AFRATAPEM) et obtient son dipl\u00f4me universitaire apr\u00e8s une ann\u00e9e de recherche scientifique.<br>Pour travailler avec l\u2019art-th\u00e9rapie, il n\u2019est pas n\u00e9cessaire d\u2019\u00eatre artiste. Catherine fait \u00e9merger l\u2019\u00e9motion en expression artistique. A travers ce processus, elle identifie les cibles d\u2019action du mieux-\u00eatre (manque de confiance en soi, mauvaise estime de soi, etc\u2026) et accompagne ses clients vers leurs propres bonnes qualit\u00e9s existentielles.<br><\/p>\t\t\t\t\t\t<\/div>\n\t\t\t\t<\/div>\n\t\t\t\t\t<\/div>\n\t\t<\/div>\n\t\t\t\t<div class=\"elementor-column elementor-col-50 elementor-top-column elementor-element elementor-element-1b48507\" data-id=\"1b48507\" data-element_type=\"column\">\n\t\t\t<div class=\"elementor-widget-wrap elementor-element-populated\">\n\t\t\t\t\t\t\t\t<div class=\"elementor-element elementor-element-b2aed00 elementor-widget elementor-widget-image\" data-id=\"b2aed00\" data-element_type=\"widget\" data-widget_type=\"image.default\">\n\t\t\t\t<div class=\"elementor-widget-container\">\n\t\t\t<style>\/*! elementor - v3.6.6 - 08-06-2022 *\/\n.elementor-widget-image{text-align:center}.elementor-widget-image a{display:inline-block}.elementor-widget-image a img[src$=\".svg\"]{width:48px}.elementor-widget-image img{vertical-align:middle;display:inline-block}<\/style>\t\t\t\t\t\t\t\t\t\t\t\t<img width=\"706\" height=\"941\" src=\"https:\/\/www.voyageenlivres.com\/wp-content\/uploads\/2023\/04\/Perret-Catherine.jpg\" class=\"attachment-large size-large\" alt=\"\" loading=\"lazy\" srcset=\"https:\/\/www.voyageenlivres.com\/wp-content\/uploads\/2023\/04\/Perret-Catherine.jpg 706w, https:\/\/www.voyageenlivres.com\/wp-content\/uploads\/2023\/04\/Perret-Catherine-225x300.jpg 225w\" sizes=\"100vw\" \/>\t\t\t\t\t\t\t\t\t\t\t\t\t\t\t<\/div>\n\t\t\t\t<\/div>\n\t\t\t\t\t<\/div>\n\t\t<\/div>\n\t\t\t\t\t\t\t<\/div>\n\t\t<\/section>\n\t\t\t\t<section class=\"elementor-section elementor-top-section elementor-element elementor-element-157d74e elementor-section-boxed elementor-section-height-default elementor-section-height-default\" data-id=\"157d74e\" data-element_type=\"section\">\n\t\t\t\t\t\t<div class=\"elementor-container elementor-column-gap-default\">\n\t\t\t\t\t<div class=\"elementor-column elementor-col-50 elementor-top-column elementor-element elementor-element-3c192c9\" data-id=\"3c192c9\" data-element_type=\"column\">\n\t\t\t<div class=\"elementor-widget-wrap elementor-element-populated\">\n\t\t\t\t\t\t\t\t<div class=\"elementor-element elementor-element-c6d2c67 elementor-widget elementor-widget-text-editor\" data-id=\"c6d2c67\" data-element_type=\"widget\" data-widget_type=\"text-editor.default\">\n\t\t\t\t<div class=\"elementor-widget-container\">\n\t\t\t\t\t\t\t<p>Les s\u00e9ances se d\u00e9roulent en individuel ou en groupe et durent de 1h \u00e0 \n1h30. Elle utilise tous les arts : peinture, dessin, \u00e9criture, \nsculpture, musique, chant, th\u00e9\u00e2tre, clown et danse. C\u2019est \u00e0 la personne \nde choisir l\u2019art qui lui correspond le plus. Elle offre des cadres \nvari\u00e9s de prise en charge : le jardin, le cabinet de soin et l\u2019atelier \nd\u2019artiste dans lesquels le go\u00fbt de la vie rena\u00eet.<br>Catherine \nintervient aussi dans des institutions aupr\u00e8s de personnes \u00e2g\u00e9es, \nmalades d\u2019Alzheimer, personnes en situation de handicap mental.<br><\/p><p>Catherine a le sens des responsabilit\u00e9s, sait \u00eatre cadrante et contenante. A l\u2019int\u00e9rieur de ce cadre elle met en \u0153uvre son dynamisme, son c\u00f4t\u00e9 p\u00e9tillant ainsi que sa cr\u00e9ativit\u00e9. Si ses s\u00e9ances sont th\u00e9rapeutiques, elles permettent aussi de mettre en \u0153uvre le plaisir de vivre et le bonheur !<\/p>\t\t\t\t\t\t<\/div>\n\t\t\t\t<\/div>\n\t\t\t\t\t<\/div>\n\t\t<\/div>\n\t\t\t\t<div class=\"elementor-column elementor-col-50 elementor-top-column elementor-element elementor-element-b87ee88\" data-id=\"b87ee88\" data-element_type=\"column\">\n\t\t\t<div class=\"elementor-widget-wrap elementor-element-populated\">\n\t\t\t\t\t\t\t\t<div class=\"elementor-element elementor-element-baee66e elementor-widget elementor-widget-image\" data-id=\"baee66e\" data-element_type=\"widget\" data-widget_type=\"image.default\">\n\t\t\t\t<div class=\"elementor-widget-container\">\n\t\t\t\t\t\t\t\t\t\t\t\t\t\t\t<img width=\"787\" height=\"787\" src=\"https:\/\/www.voyageenlivres.com\/wp-content\/uploads\/2023\/04\/Perret-Catherine-logo.jpg\" class=\"attachment-large size-large\" alt=\"\" loading=\"lazy\" srcset=\"https:\/\/www.voyageenlivres.com\/wp-content\/uploads\/2023\/04\/Perret-Catherine-logo.jpg 787w, https:\/\/www.voyageenlivres.com\/wp-content\/uploads\/2023\/04\/Perret-Catherine-logo-300x300.jpg 300w, https:\/\/www.voyageenlivres.com\/wp-content\/uploads\/2023\/04\/Perret-Catherine-logo-150x150.jpg 150w, https:\/\/www.voyageenlivres.com\/wp-content\/uploads\/2023\/04\/Perret-Catherine-logo-768x768.jpg 768w\" sizes=\"100vw\" \/>\t\t\t\t\t\t\t\t\t\t\t\t\t\t\t<\/div>\n\t\t\t\t<\/div>\n\t\t\t\t\t<\/div>\n\t\t<\/div>\n\t\t\t\t\t\t\t<\/div>\n\t\t<\/section>\n\t\t\t\t\t\t\t<\/div>\n\t\t","protected":false},"excerpt":{"rendered":"<p>Visite guid\u00e9e du salon pourPersonnes \u00e0 Mobilit\u00e9 R\u00e9duite Avec Catherine Perret et l\u2019A.S.E.H Gratuit et sur r\u00e9servation au 06 26 37 30 78 Depuis 2021, l\u2019art-th\u00e9rapeute Catherine Perret propose, sous r\u00e9servation, des visites guid\u00e9es gratuites d\u2019une heure et demie du salon du livre de La Clayette, avec l\u2019association ASEH par l\u2019art-th\u00e9rapie moderne, cr\u00e9\u00e9e en 2016 &hellip; <\/p>\n<p class=\"link-more\"><a href=\"https:\/\/www.voyageenlivres.com\/index.php\/visite-pmr\/\" class=\"more-link\">Lire la suite de<span class=\"screen-reader-text\">\u00ab\u00a0Visite PMR\u00a0\u00bb<\/span><\/a><\/p>\n","protected":false},"author":1,"featured_media":0,"parent":0,"menu_order":0,"comment_status":"closed","ping_status":"closed","template":"","meta":[],"_links":{"self":[{"href":"https:\/\/www.voyageenlivres.com\/index.php\/wp-json\/wp\/v2\/pages\/2585"}],"collection":[{"href":"https:\/\/www.voyageenlivres.com\/index.php\/wp-json\/wp\/v2\/pages"}],"about":[{"href":"https:\/\/www.voyageenlivres.com\/index.php\/wp-json\/wp\/v2\/types\/page"}],"author":[{"embeddable":true,"href":"https:\/\/www.voyageenlivres.com\/index.php\/wp-json\/wp\/v2\/users\/1"}],"replies":[{"embeddable":true,"href":"https:\/\/www.voyageenlivres.com\/index.php\/wp-json\/wp\/v2\/comments?post=2585"}],"version-history":[{"count":19,"href":"https:\/\/www.voyageenlivres.com\/index.php\/wp-json\/wp\/v2\/pages\/2585\/revisions"}],"predecessor-version":[{"id":3875,"href":"https:\/\/www.voyageenlivres.com\/index.php\/wp-json\/wp\/v2\/pages\/2585\/revisions\/3875"}],"wp:attachment":[{"href":"https:\/\/www.voyageenlivres.com\/index.php\/wp-json\/wp\/v2\/media?parent=2585"}],"curies":[{"name":"wp","href":"https:\/\/api.w.org\/{rel}","templated":true}]}}