{"id":1645,"date":"2023-12-18T17:46:59","date_gmt":"2023-12-18T16:46:59","guid":{"rendered":"http:\/\/www.voyageenlivres.com\/?page_id=1645"},"modified":"2025-10-27T11:08:09","modified_gmt":"2025-10-27T10:08:09","slug":"bourse-en-livres","status":"publish","type":"page","link":"https:\/\/www.voyageenlivres.com\/index.php\/bourse-en-livres\/","title":{"rendered":"La Bourse en Livres"},"content":{"rendered":"\t\t<div data-elementor-type=\"wp-page\" data-elementor-id=\"1645\" class=\"elementor elementor-1645\">\n\t\t\t\t\t\t\t\t\t<section class=\"elementor-section elementor-top-section elementor-element elementor-element-cf22b00 elementor-section-boxed elementor-section-height-default elementor-section-height-default\" data-id=\"cf22b00\" data-element_type=\"section\">\n\t\t\t\t\t\t<div class=\"elementor-container elementor-column-gap-default\">\n\t\t\t\t\t<div class=\"elementor-column elementor-col-50 elementor-top-column elementor-element elementor-element-c68757d\" data-id=\"c68757d\" data-element_type=\"column\">\n\t\t\t<div class=\"elementor-widget-wrap elementor-element-populated\">\n\t\t\t\t\t\t\t\t<div class=\"elementor-element elementor-element-e81e9eb elementor-widget elementor-widget-image\" data-id=\"e81e9eb\" data-element_type=\"widget\" data-widget_type=\"image.default\">\n\t\t\t\t<div class=\"elementor-widget-container\">\n\t\t\t<style>\/*! elementor - v3.6.6 - 08-06-2022 *\/\n.elementor-widget-image{text-align:center}.elementor-widget-image a{display:inline-block}.elementor-widget-image a img[src$=\".svg\"]{width:48px}.elementor-widget-image img{vertical-align:middle;display:inline-block}<\/style>\t\t\t\t\t\t\t\t\t\t\t\t<img width=\"950\" height=\"713\" src=\"https:\/\/www.voyageenlivres.com\/wp-content\/uploads\/2024\/11\/2024-11-17-Bel2-3-1024x768.jpg\" class=\"attachment-large size-large\" alt=\"\" loading=\"lazy\" srcset=\"https:\/\/www.voyageenlivres.com\/wp-content\/uploads\/2024\/11\/2024-11-17-Bel2-3-1024x768.jpg 1024w, https:\/\/www.voyageenlivres.com\/wp-content\/uploads\/2024\/11\/2024-11-17-Bel2-3-300x225.jpg 300w, https:\/\/www.voyageenlivres.com\/wp-content\/uploads\/2024\/11\/2024-11-17-Bel2-3-768x576.jpg 768w, https:\/\/www.voyageenlivres.com\/wp-content\/uploads\/2024\/11\/2024-11-17-Bel2-3-1536x1152.jpg 1536w, https:\/\/www.voyageenlivres.com\/wp-content\/uploads\/2024\/11\/2024-11-17-Bel2-3.jpg 1600w\" sizes=\"100vw\" \/>\t\t\t\t\t\t\t\t\t\t\t\t\t\t\t<\/div>\n\t\t\t\t<\/div>\n\t\t\t\t<div class=\"elementor-element elementor-element-6569352 elementor-widget elementor-widget-text-editor\" data-id=\"6569352\" data-element_type=\"widget\" data-widget_type=\"text-editor.default\">\n\t\t\t\t<div class=\"elementor-widget-container\">\n\t\t\t<style>\/*! elementor - v3.6.6 - 08-06-2022 *\/\n.elementor-widget-text-editor.elementor-drop-cap-view-stacked .elementor-drop-cap{background-color:#818a91;color:#fff}.elementor-widget-text-editor.elementor-drop-cap-view-framed .elementor-drop-cap{color:#818a91;border:3px solid;background-color:transparent}.elementor-widget-text-editor:not(.elementor-drop-cap-view-default) .elementor-drop-cap{margin-top:8px}.elementor-widget-text-editor:not(.elementor-drop-cap-view-default) .elementor-drop-cap-letter{width:1em;height:1em}.elementor-widget-text-editor .elementor-drop-cap{float:left;text-align:center;line-height:1;font-size:50px}.elementor-widget-text-editor .elementor-drop-cap-letter{display:inline-block}<\/style>\t\t\t\t<p>Le Petit Rameur organise la troisi\u00e8me \u00e9dition de sa <i><b>Bourse en Livres<\/b><\/i>\u00a0 le\u00a0<a href=\"https:\/\/www.facebook.com\/events\/1181194046718251\">dimanche 9 novembre 2025<\/a> \u00e0 la Salle des F\u00eates de La Clayette. Elle sera ouverte aux particuliers, aux associations avec un lien culturel ou social, et aux m\u00e9tiers autour du livre (r\u00e9novation, reliure, marque pages, stylos, cartes&#8230;).<\/p><p>Horaires : 9h &#8211; 18h\u00a0<\/p><p>Prix de l\u2019emplacement : 6 euros la table pour les vendeurs. Inscription obligatoire.<\/p><p>\u00a0<\/p>\t\t\t\t\t\t<\/div>\n\t\t\t\t<\/div>\n\t\t\t\t\t<\/div>\n\t\t<\/div>\n\t\t\t\t<div class=\"elementor-column elementor-col-50 elementor-top-column elementor-element elementor-element-f472100\" data-id=\"f472100\" data-element_type=\"column\">\n\t\t\t<div class=\"elementor-widget-wrap elementor-element-populated\">\n\t\t\t\t\t\t\t\t<div class=\"elementor-element elementor-element-5257eb6 elementor-widget elementor-widget-image\" data-id=\"5257eb6\" data-element_type=\"widget\" data-widget_type=\"image.default\">\n\t\t\t\t<div class=\"elementor-widget-container\">\n\t\t\t\t\t\t\t\t\t\t\t\t\t\t\t<img src=\"http:\/\/www.voyageenlivres.com\/wp-content\/uploads\/2025\/08\/BeL-2025-nue-scaled.jpg\" title=\"\" alt=\"\" \/>\t\t\t\t\t\t\t\t\t\t\t\t\t\t\t<\/div>\n\t\t\t\t<\/div>\n\t\t\t\t\t<\/div>\n\t\t<\/div>\n\t\t\t\t\t\t\t<\/div>\n\t\t<\/section>\n\t\t\t\t<section class=\"elementor-section elementor-top-section elementor-element elementor-element-58be952 elementor-section-boxed elementor-section-height-default elementor-section-height-default\" data-id=\"58be952\" data-element_type=\"section\">\n\t\t\t\t\t\t<div class=\"elementor-container elementor-column-gap-default\">\n\t\t\t\t\t<div class=\"elementor-column elementor-col-50 elementor-top-column elementor-element elementor-element-187e3b8\" data-id=\"187e3b8\" data-element_type=\"column\">\n\t\t\t<div class=\"elementor-widget-wrap elementor-element-populated\">\n\t\t\t\t\t\t\t\t<div class=\"elementor-element elementor-element-256a4f5 elementor-align-center elementor-widget elementor-widget-button\" data-id=\"256a4f5\" data-element_type=\"widget\" data-widget_type=\"button.default\">\n\t\t\t\t<div class=\"elementor-widget-container\">\n\t\t\t\t\t<div class=\"elementor-button-wrapper\">\n\t\t\t<a href=\"http:\/\/www.voyageenlivres.com\/wp-content\/uploads\/2025\/09\/Bourse-inscription.doc\" target=\"_blank\" class=\"elementor-button-link elementor-button elementor-size-sm\" role=\"button\">\n\t\t\t\t\t\t<span class=\"elementor-button-content-wrapper\">\n\t\t\t\t\t\t<span class=\"elementor-button-text\">T\u00e9l\u00e9charger le bulletin d'inscription (Word)<\/span>\n\t\t<\/span>\n\t\t\t\t\t<\/a>\n\t\t<\/div>\n\t\t\t\t<\/div>\n\t\t\t\t<\/div>\n\t\t\t\t\t<\/div>\n\t\t<\/div>\n\t\t\t\t<div class=\"elementor-column elementor-col-50 elementor-top-column elementor-element elementor-element-51129ec\" data-id=\"51129ec\" data-element_type=\"column\">\n\t\t\t<div class=\"elementor-widget-wrap elementor-element-populated\">\n\t\t\t\t\t\t\t\t<div class=\"elementor-element elementor-element-d3d32e2 elementor-align-center elementor-widget elementor-widget-button\" data-id=\"d3d32e2\" data-element_type=\"widget\" data-widget_type=\"button.default\">\n\t\t\t\t<div class=\"elementor-widget-container\">\n\t\t\t\t\t<div class=\"elementor-button-wrapper\">\n\t\t\t<a href=\"http:\/\/www.voyageenlivres.com\/wp-content\/uploads\/2025\/09\/Bourse-inscription.pdf\" target=\"_blank\" class=\"elementor-button-link elementor-button elementor-size-sm\" role=\"button\">\n\t\t\t\t\t\t<span class=\"elementor-button-content-wrapper\">\n\t\t\t\t\t\t<span class=\"elementor-button-text\">T\u00e9l\u00e9charger le bulletin d'inscription (PDF)<\/span>\n\t\t<\/span>\n\t\t\t\t\t<\/a>\n\t\t<\/div>\n\t\t\t\t<\/div>\n\t\t\t\t<\/div>\n\t\t\t\t\t<\/div>\n\t\t<\/div>\n\t\t\t\t\t\t\t<\/div>\n\t\t<\/section>\n\t\t\t\t<section class=\"elementor-section elementor-top-section elementor-element elementor-element-a9f7696 elementor-section-boxed elementor-section-height-default elementor-section-height-default\" data-id=\"a9f7696\" data-element_type=\"section\">\n\t\t\t\t\t\t<div class=\"elementor-container elementor-column-gap-default\">\n\t\t\t\t\t<div class=\"elementor-column elementor-col-100 elementor-top-column elementor-element elementor-element-fa3547a\" data-id=\"fa3547a\" data-element_type=\"column\">\n\t\t\t<div class=\"elementor-widget-wrap elementor-element-populated\">\n\t\t\t\t\t\t\t\t<div class=\"elementor-element elementor-element-bc5bc1b elementor-widget elementor-widget-text-editor\" data-id=\"bc5bc1b\" data-element_type=\"widget\" data-widget_type=\"text-editor.default\">\n\t\t\t\t<div class=\"elementor-widget-container\">\n\t\t\t\t\t\t\t<p>Renseignements et inscriptions : <a href=\"http:\/\/www.voyageenlivres.com\/index.php\/contact\/\" target=\"_blank\" rel=\"noopener\">nous contacter<\/a><\/p><p>Vous pouvez soutenir ce salon en devenant b\u00e9n\u00e9vole, sponsors, en h\u00e9bergeant un exposant, en faisant un don (sur&nbsp;<a href=\"https:\/\/www.helloasso.com\/associations\/le-petit-rameur\/formulaires\/1\" target=\"_blank\" rel=\"noopener\">Hello Asso<\/a><br>ou tout autre moyen de payement de votre choix). Vous pouvez \u00e9galement donner les livres dont vous souhaitez vous d\u00e9barrasser, ils seront mis en vente au profit du Petit Rameur lors de la prochaine bourse en livres.<\/p>\t\t\t\t\t\t<\/div>\n\t\t\t\t<\/div>\n\t\t\t\t\t<\/div>\n\t\t<\/div>\n\t\t\t\t\t\t\t<\/div>\n\t\t<\/section>\n\t\t\t\t<section class=\"elementor-section elementor-top-section elementor-element elementor-element-22aa543 elementor-section-boxed elementor-section-height-default elementor-section-height-default\" data-id=\"22aa543\" data-element_type=\"section\">\n\t\t\t\t\t\t<div class=\"elementor-container elementor-column-gap-default\">\n\t\t\t\t\t<div class=\"elementor-column elementor-col-100 elementor-top-column elementor-element elementor-element-4377f20\" data-id=\"4377f20\" data-element_type=\"column\">\n\t\t\t<div class=\"elementor-widget-wrap elementor-element-populated\">\n\t\t\t\t\t\t\t\t<div class=\"elementor-element elementor-element-4e61104 elementor-widget-divider--view-line elementor-widget elementor-widget-divider\" data-id=\"4e61104\" data-element_type=\"widget\" data-widget_type=\"divider.default\">\n\t\t\t\t<div class=\"elementor-widget-container\">\n\t\t\t<style>\/*! elementor - v3.6.6 - 08-06-2022 *\/\n.elementor-widget-divider{--divider-border-style:none;--divider-border-width:1px;--divider-color:#2c2c2c;--divider-icon-size:20px;--divider-element-spacing:10px;--divider-pattern-height:24px;--divider-pattern-size:20px;--divider-pattern-url:none;--divider-pattern-repeat:repeat-x}.elementor-widget-divider .elementor-divider{display:-webkit-box;display:-ms-flexbox;display:flex}.elementor-widget-divider .elementor-divider__text{font-size:15px;line-height:1;max-width:95%}.elementor-widget-divider .elementor-divider__element{margin:0 var(--divider-element-spacing);-ms-flex-negative:0;flex-shrink:0}.elementor-widget-divider .elementor-icon{font-size:var(--divider-icon-size)}.elementor-widget-divider .elementor-divider-separator{display:-webkit-box;display:-ms-flexbox;display:flex;margin:0;direction:ltr}.elementor-widget-divider--view-line_icon .elementor-divider-separator,.elementor-widget-divider--view-line_text .elementor-divider-separator{-webkit-box-align:center;-ms-flex-align:center;align-items:center}.elementor-widget-divider--view-line_icon .elementor-divider-separator:after,.elementor-widget-divider--view-line_icon .elementor-divider-separator:before,.elementor-widget-divider--view-line_text .elementor-divider-separator:after,.elementor-widget-divider--view-line_text .elementor-divider-separator:before{display:block;content:\"\";border-bottom:0;-webkit-box-flex:1;-ms-flex-positive:1;flex-grow:1;border-top:var(--divider-border-width) var(--divider-border-style) var(--divider-color)}.elementor-widget-divider--element-align-left .elementor-divider .elementor-divider-separator>.elementor-divider__svg:first-of-type{-webkit-box-flex:0;-ms-flex-positive:0;flex-grow:0;-ms-flex-negative:100;flex-shrink:100}.elementor-widget-divider--element-align-left .elementor-divider-separator:before{content:none}.elementor-widget-divider--element-align-left .elementor-divider__element{margin-left:0}.elementor-widget-divider--element-align-right .elementor-divider .elementor-divider-separator>.elementor-divider__svg:last-of-type{-webkit-box-flex:0;-ms-flex-positive:0;flex-grow:0;-ms-flex-negative:100;flex-shrink:100}.elementor-widget-divider--element-align-right .elementor-divider-separator:after{content:none}.elementor-widget-divider--element-align-right .elementor-divider__element{margin-right:0}.elementor-widget-divider:not(.elementor-widget-divider--view-line_text):not(.elementor-widget-divider--view-line_icon) .elementor-divider-separator{border-top:var(--divider-border-width) var(--divider-border-style) var(--divider-color)}.elementor-widget-divider--separator-type-pattern{--divider-border-style:none}.elementor-widget-divider--separator-type-pattern.elementor-widget-divider--view-line .elementor-divider-separator,.elementor-widget-divider--separator-type-pattern:not(.elementor-widget-divider--view-line) .elementor-divider-separator:after,.elementor-widget-divider--separator-type-pattern:not(.elementor-widget-divider--view-line) .elementor-divider-separator:before,.elementor-widget-divider--separator-type-pattern:not([class*=elementor-widget-divider--view]) .elementor-divider-separator{width:100%;min-height:var(--divider-pattern-height);-webkit-mask-size:var(--divider-pattern-size) 100%;mask-size:var(--divider-pattern-size) 100%;-webkit-mask-repeat:var(--divider-pattern-repeat);mask-repeat:var(--divider-pattern-repeat);background-color:var(--divider-color);-webkit-mask-image:var(--divider-pattern-url);mask-image:var(--divider-pattern-url)}.elementor-widget-divider--no-spacing{--divider-pattern-size:auto}.elementor-widget-divider--bg-round{--divider-pattern-repeat:round}.rtl .elementor-widget-divider .elementor-divider__text{direction:rtl}<\/style>\t\t<div class=\"elementor-divider\">\n\t\t\t<span class=\"elementor-divider-separator\">\n\t\t\t\t\t\t<\/span>\n\t\t<\/div>\n\t\t\t\t<\/div>\n\t\t\t\t<\/div>\n\t\t\t\t\t<\/div>\n\t\t<\/div>\n\t\t\t\t\t\t\t<\/div>\n\t\t<\/section>\n\t\t\t\t<section class=\"elementor-section elementor-top-section elementor-element elementor-element-e71d22a elementor-section-boxed elementor-section-height-default elementor-section-height-default\" data-id=\"e71d22a\" data-element_type=\"section\">\n\t\t\t\t\t\t<div class=\"elementor-container elementor-column-gap-default\">\n\t\t\t\t\t<div class=\"elementor-column elementor-col-100 elementor-top-column elementor-element elementor-element-bf0b7a5\" data-id=\"bf0b7a5\" data-element_type=\"column\">\n\t\t\t<div class=\"elementor-widget-wrap elementor-element-populated\">\n\t\t\t\t\t\t\t\t<div class=\"elementor-element elementor-element-56d50d0 elementor-widget elementor-widget-heading\" data-id=\"56d50d0\" data-element_type=\"widget\" data-widget_type=\"heading.default\">\n\t\t\t\t<div class=\"elementor-widget-container\">\n\t\t\t<style>\/*! elementor - v3.6.6 - 08-06-2022 *\/\n.elementor-heading-title{padding:0;margin:0;line-height:1}.elementor-widget-heading .elementor-heading-title[class*=elementor-size-]>a{color:inherit;font-size:inherit;line-height:inherit}.elementor-widget-heading .elementor-heading-title.elementor-size-small{font-size:15px}.elementor-widget-heading .elementor-heading-title.elementor-size-medium{font-size:19px}.elementor-widget-heading .elementor-heading-title.elementor-size-large{font-size:29px}.elementor-widget-heading .elementor-heading-title.elementor-size-xl{font-size:39px}.elementor-widget-heading .elementor-heading-title.elementor-size-xxl{font-size:59px}<\/style><h2 class=\"elementor-heading-title elementor-size-default\">Partenaires Bourse en Livres 2025<\/h2>\t\t<\/div>\n\t\t\t\t<\/div>\n\t\t\t\t\t<\/div>\n\t\t<\/div>\n\t\t\t\t\t\t\t<\/div>\n\t\t<\/section>\n\t\t\t\t<section class=\"elementor-section elementor-top-section elementor-element elementor-element-4271125 elementor-section-boxed elementor-section-height-default elementor-section-height-default\" data-id=\"4271125\" data-element_type=\"section\">\n\t\t\t\t\t\t<div class=\"elementor-container elementor-column-gap-default\">\n\t\t\t\t\t<div class=\"elementor-column elementor-col-25 elementor-top-column elementor-element elementor-element-ffdb882\" data-id=\"ffdb882\" data-element_type=\"column\">\n\t\t\t<div class=\"elementor-widget-wrap elementor-element-populated\">\n\t\t\t\t\t\t\t\t<div class=\"elementor-element elementor-element-9fbc3bf elementor-widget elementor-widget-image\" data-id=\"9fbc3bf\" data-element_type=\"widget\" data-widget_type=\"image.default\">\n\t\t\t\t<div class=\"elementor-widget-container\">\n\t\t\t\t\t\t\t\t\t\t\t\t\t\t\t\t<a href=\"https:\/\/www.facebook.com\/profile.php?id=100066900121787\" target=\"_blank\">\n\t\t\t\t\t\t\t<img width=\"858\" height=\"630\" src=\"https:\/\/www.voyageenlivres.com\/wp-content\/uploads\/2024\/02\/COM-ODeliceDesPains-lo.jpg\" class=\"attachment-large size-large\" alt=\"\" loading=\"lazy\" srcset=\"https:\/\/www.voyageenlivres.com\/wp-content\/uploads\/2024\/02\/COM-ODeliceDesPains-lo.jpg 858w, https:\/\/www.voyageenlivres.com\/wp-content\/uploads\/2024\/02\/COM-ODeliceDesPains-lo-300x220.jpg 300w, https:\/\/www.voyageenlivres.com\/wp-content\/uploads\/2024\/02\/COM-ODeliceDesPains-lo-768x564.jpg 768w\" sizes=\"100vw\" \/>\t\t\t\t\t\t\t\t<\/a>\n\t\t\t\t\t\t\t\t\t\t\t\t\t\t\t<\/div>\n\t\t\t\t<\/div>\n\t\t\t\t\t<\/div>\n\t\t<\/div>\n\t\t\t\t<div class=\"elementor-column elementor-col-25 elementor-top-column elementor-element elementor-element-949bd92\" data-id=\"949bd92\" data-element_type=\"column\">\n\t\t\t<div class=\"elementor-widget-wrap elementor-element-populated\">\n\t\t\t\t\t\t\t\t<div class=\"elementor-element elementor-element-73b7f59 elementor-widget elementor-widget-image\" data-id=\"73b7f59\" data-element_type=\"widget\" data-widget_type=\"image.default\">\n\t\t\t\t<div class=\"elementor-widget-container\">\n\t\t\t\t\t\t\t\t\t\t\t\t\t\t\t\t<a href=\"https:\/\/www.bricomarche.com\/magasin\/varennes-sous-dun-la-clayette\/04309\" target=\"_blank\">\n\t\t\t\t\t\t\t<img width=\"789\" height=\"562\" src=\"https:\/\/www.voyageenlivres.com\/wp-content\/uploads\/2024\/02\/Sans-titre.png\" class=\"attachment-large size-large\" alt=\"\" loading=\"lazy\" srcset=\"https:\/\/www.voyageenlivres.com\/wp-content\/uploads\/2024\/02\/Sans-titre.png 789w, https:\/\/www.voyageenlivres.com\/wp-content\/uploads\/2024\/02\/Sans-titre-300x214.png 300w, https:\/\/www.voyageenlivres.com\/wp-content\/uploads\/2024\/02\/Sans-titre-768x547.png 768w\" sizes=\"100vw\" \/>\t\t\t\t\t\t\t\t<\/a>\n\t\t\t\t\t\t\t\t\t\t\t\t\t\t\t<\/div>\n\t\t\t\t<\/div>\n\t\t\t\t\t<\/div>\n\t\t<\/div>\n\t\t\t\t<div class=\"elementor-column elementor-col-25 elementor-top-column elementor-element elementor-element-63e3f0b\" data-id=\"63e3f0b\" data-element_type=\"column\">\n\t\t\t<div class=\"elementor-widget-wrap elementor-element-populated\">\n\t\t\t\t\t\t\t\t<div class=\"elementor-element elementor-element-55c3e5d elementor-widget elementor-widget-image\" data-id=\"55c3e5d\" data-element_type=\"widget\" data-widget_type=\"image.default\">\n\t\t\t\t<div class=\"elementor-widget-container\">\n\t\t\t\t\t\t\t\t\t\t\t\t\t\t\t\t<a href=\"https:\/\/viandes-comptoir-charollais.fr\/\" target=\"_blank\">\n\t\t\t\t\t\t\t<img width=\"500\" height=\"290\" src=\"https:\/\/www.voyageenlivres.com\/wp-content\/uploads\/2025\/02\/COM-ComptoirCharollais.png\" class=\"attachment-large size-large\" alt=\"\" loading=\"lazy\" srcset=\"https:\/\/www.voyageenlivres.com\/wp-content\/uploads\/2025\/02\/COM-ComptoirCharollais.png 500w, https:\/\/www.voyageenlivres.com\/wp-content\/uploads\/2025\/02\/COM-ComptoirCharollais-300x174.png 300w\" sizes=\"100vw\" \/>\t\t\t\t\t\t\t\t<\/a>\n\t\t\t\t\t\t\t\t\t\t\t\t\t\t\t<\/div>\n\t\t\t\t<\/div>\n\t\t\t\t\t<\/div>\n\t\t<\/div>\n\t\t\t\t<div class=\"elementor-column elementor-col-25 elementor-top-column elementor-element elementor-element-7edbabc\" data-id=\"7edbabc\" data-element_type=\"column\">\n\t\t\t<div class=\"elementor-widget-wrap elementor-element-populated\">\n\t\t\t\t\t\t\t\t<div class=\"elementor-element elementor-element-a99631f elementor-widget elementor-widget-image\" data-id=\"a99631f\" data-element_type=\"widget\" data-widget_type=\"image.default\">\n\t\t\t\t<div class=\"elementor-widget-container\">\n\t\t\t\t\t\t\t\t\t\t\t\t\t\t\t\t<a href=\"https:\/\/www.facebook.com\/IntermarcheVarennesSousDun\/\" target=\"_blank\">\n\t\t\t\t\t\t\t<img width=\"950\" height=\"950\" src=\"https:\/\/www.voyageenlivres.com\/wp-content\/uploads\/2024\/01\/COM-intermarchelogo.jpg\" class=\"attachment-large size-large\" alt=\"\" loading=\"lazy\" srcset=\"https:\/\/www.voyageenlivres.com\/wp-content\/uploads\/2024\/01\/COM-intermarchelogo.jpg 1000w, https:\/\/www.voyageenlivres.com\/wp-content\/uploads\/2024\/01\/COM-intermarchelogo-300x300.jpg 300w, https:\/\/www.voyageenlivres.com\/wp-content\/uploads\/2024\/01\/COM-intermarchelogo-150x150.jpg 150w, https:\/\/www.voyageenlivres.com\/wp-content\/uploads\/2024\/01\/COM-intermarchelogo-768x768.jpg 768w\" sizes=\"100vw\" \/>\t\t\t\t\t\t\t\t<\/a>\n\t\t\t\t\t\t\t\t\t\t\t\t\t\t\t<\/div>\n\t\t\t\t<\/div>\n\t\t\t\t\t<\/div>\n\t\t<\/div>\n\t\t\t\t\t\t\t<\/div>\n\t\t<\/section>\n\t\t\t\t<section class=\"elementor-section elementor-top-section elementor-element elementor-element-e1477cd elementor-section-boxed elementor-section-height-default elementor-section-height-default\" data-id=\"e1477cd\" data-element_type=\"section\">\n\t\t\t\t\t\t<div class=\"elementor-container elementor-column-gap-default\">\n\t\t\t\t\t<div class=\"elementor-column elementor-col-25 elementor-top-column elementor-element elementor-element-6aac2e8\" data-id=\"6aac2e8\" data-element_type=\"column\">\n\t\t\t<div class=\"elementor-widget-wrap elementor-element-populated\">\n\t\t\t\t\t\t\t\t<div class=\"elementor-element elementor-element-3739ec8 elementor-widget elementor-widget-image\" data-id=\"3739ec8\" data-element_type=\"widget\" data-widget_type=\"image.default\">\n\t\t\t\t<div class=\"elementor-widget-container\">\n\t\t\t\t\t\t\t\t\t\t\t\t\t\t\t\t<a href=\"https:\/\/www.facebook.com\/StudioGodard\/\" target=\"_blank\">\n\t\t\t\t\t\t\t<img width=\"311\" height=\"252\" src=\"https:\/\/www.voyageenlivres.com\/wp-content\/uploads\/2024\/02\/COM-studioGodard20logo.jpg\" class=\"attachment-large size-large\" alt=\"\" loading=\"lazy\" srcset=\"https:\/\/www.voyageenlivres.com\/wp-content\/uploads\/2024\/02\/COM-studioGodard20logo.jpg 311w, https:\/\/www.voyageenlivres.com\/wp-content\/uploads\/2024\/02\/COM-studioGodard20logo-300x243.jpg 300w\" sizes=\"100vw\" \/>\t\t\t\t\t\t\t\t<\/a>\n\t\t\t\t\t\t\t\t\t\t\t\t\t\t\t<\/div>\n\t\t\t\t<\/div>\n\t\t\t\t\t<\/div>\n\t\t<\/div>\n\t\t\t\t<div class=\"elementor-column elementor-col-25 elementor-top-column elementor-element elementor-element-f9281a6\" data-id=\"f9281a6\" data-element_type=\"column\">\n\t\t\t<div class=\"elementor-widget-wrap elementor-element-populated\">\n\t\t\t\t\t\t\t\t<div class=\"elementor-element elementor-element-c1c44da elementor-widget elementor-widget-image\" data-id=\"c1c44da\" data-element_type=\"widget\" data-widget_type=\"image.default\">\n\t\t\t\t<div class=\"elementor-widget-container\">\n\t\t\t\t\t\t\t\t\t\t\t\t\t\t\t\t<a href=\"https:\/\/www.comptoirdesvignes.fr\/comptoir-des-vignes-la-clayette\" target=\"_blank\">\n\t\t\t\t\t\t\t<img src=\"http:\/\/www.voyageenlivres.com\/wp-content\/uploads\/2022\/09\/ComptoirdesVignes-logo.jpg\" title=\"\" alt=\"\" \/>\t\t\t\t\t\t\t\t<\/a>\n\t\t\t\t\t\t\t\t\t\t\t\t\t\t\t<\/div>\n\t\t\t\t<\/div>\n\t\t\t\t\t<\/div>\n\t\t<\/div>\n\t\t\t\t<div class=\"elementor-column elementor-col-25 elementor-top-column elementor-element elementor-element-4fe7f9c\" data-id=\"4fe7f9c\" data-element_type=\"column\">\n\t\t\t<div class=\"elementor-widget-wrap elementor-element-populated\">\n\t\t\t\t\t\t\t\t<div class=\"elementor-element elementor-element-c38910e elementor-widget elementor-widget-image\" data-id=\"c38910e\" data-element_type=\"widget\" data-widget_type=\"image.default\">\n\t\t\t\t<div class=\"elementor-widget-container\">\n\t\t\t\t\t\t\t\t\t\t\t\t\t\t\t<img width=\"950\" height=\"599\" src=\"https:\/\/www.voyageenlivres.com\/wp-content\/uploads\/2024\/02\/COM-Region-Acad-1024x646.jpg\" class=\"attachment-large size-large\" alt=\"\" loading=\"lazy\" srcset=\"https:\/\/www.voyageenlivres.com\/wp-content\/uploads\/2024\/02\/COM-Region-Acad-1024x646.jpg 1024w, https:\/\/www.voyageenlivres.com\/wp-content\/uploads\/2024\/02\/COM-Region-Acad-300x189.jpg 300w, https:\/\/www.voyageenlivres.com\/wp-content\/uploads\/2024\/02\/COM-Region-Acad-768x485.jpg 768w, https:\/\/www.voyageenlivres.com\/wp-content\/uploads\/2024\/02\/COM-Region-Acad.jpg 1171w\" sizes=\"100vw\" \/>\t\t\t\t\t\t\t\t\t\t\t\t\t\t\t<\/div>\n\t\t\t\t<\/div>\n\t\t\t\t\t<\/div>\n\t\t<\/div>\n\t\t\t\t<div class=\"elementor-column elementor-col-25 elementor-top-column elementor-element elementor-element-88b1012\" data-id=\"88b1012\" data-element_type=\"column\">\n\t\t\t<div class=\"elementor-widget-wrap\">\n\t\t\t\t\t\t\t\t\t<\/div>\n\t\t<\/div>\n\t\t\t\t\t\t\t<\/div>\n\t\t<\/section>\n\t\t\t\t\t\t\t<\/div>\n\t\t","protected":false},"excerpt":{"rendered":"<p>Le Petit Rameur organise la troisi\u00e8me \u00e9dition de sa Bourse en Livres\u00a0 le\u00a0dimanche 9 novembre 2025 \u00e0 la Salle des F\u00eates de La Clayette. Elle sera ouverte aux particuliers, aux associations avec un lien culturel ou social, et aux m\u00e9tiers autour du livre (r\u00e9novation, reliure, marque pages, stylos, cartes&#8230;). Horaires : 9h &#8211; 18h\u00a0 Prix &hellip; <\/p>\n<p class=\"link-more\"><a href=\"https:\/\/www.voyageenlivres.com\/index.php\/bourse-en-livres\/\" class=\"more-link\">Lire la suite de<span class=\"screen-reader-text\">\u00ab\u00a0La Bourse en Livres\u00a0\u00bb<\/span><\/a><\/p>\n","protected":false},"author":1,"featured_media":0,"parent":0,"menu_order":0,"comment_status":"closed","ping_status":"closed","template":"","meta":[],"_links":{"self":[{"href":"https:\/\/www.voyageenlivres.com\/index.php\/wp-json\/wp\/v2\/pages\/1645"}],"collection":[{"href":"https:\/\/www.voyageenlivres.com\/index.php\/wp-json\/wp\/v2\/pages"}],"about":[{"href":"https:\/\/www.voyageenlivres.com\/index.php\/wp-json\/wp\/v2\/types\/page"}],"author":[{"embeddable":true,"href":"https:\/\/www.voyageenlivres.com\/index.php\/wp-json\/wp\/v2\/users\/1"}],"replies":[{"embeddable":true,"href":"https:\/\/www.voyageenlivres.com\/index.php\/wp-json\/wp\/v2\/comments?post=1645"}],"version-history":[{"count":170,"href":"https:\/\/www.voyageenlivres.com\/index.php\/wp-json\/wp\/v2\/pages\/1645\/revisions"}],"predecessor-version":[{"id":5487,"href":"https:\/\/www.voyageenlivres.com\/index.php\/wp-json\/wp\/v2\/pages\/1645\/revisions\/5487"}],"wp:attachment":[{"href":"https:\/\/www.voyageenlivres.com\/index.php\/wp-json\/wp\/v2\/media?parent=1645"}],"curies":[{"name":"wp","href":"https:\/\/api.w.org\/{rel}","templated":true}]}}