{"id":15,"date":"2022-06-21T19:39:52","date_gmt":"2022-06-21T17:39:52","guid":{"rendered":"http:\/\/elmpmlx.cluster031.hosting.ovh.net\/?page_id=15"},"modified":"2026-04-13T22:07:20","modified_gmt":"2026-04-13T20:07:20","slug":"programme","status":"publish","type":"page","link":"https:\/\/www.voyageenlivres.com\/index.php\/programme\/","title":{"rendered":"Programme"},"content":{"rendered":"\t\t<div data-elementor-type=\"wp-page\" data-elementor-id=\"15\" class=\"elementor elementor-15\">\n\t\t\t\t\t\t\t\t\t<section class=\"elementor-section elementor-top-section elementor-element elementor-element-85e5727 elementor-section-boxed elementor-section-height-default elementor-section-height-default\" data-id=\"85e5727\" data-element_type=\"section\">\n\t\t\t\t\t\t<div class=\"elementor-container elementor-column-gap-default\">\n\t\t\t\t\t<div class=\"elementor-column elementor-col-100 elementor-top-column elementor-element elementor-element-b46baa4\" data-id=\"b46baa4\" data-element_type=\"column\">\n\t\t\t<div class=\"elementor-widget-wrap elementor-element-populated\">\n\t\t\t\t\t\t\t\t<div class=\"elementor-element elementor-element-6b284cd elementor-widget elementor-widget-heading\" data-id=\"6b284cd\" data-element_type=\"widget\" data-widget_type=\"heading.default\">\n\t\t\t\t<div class=\"elementor-widget-container\">\n\t\t\t<style>\/*! elementor - v3.6.6 - 08-06-2022 *\/\n.elementor-heading-title{padding:0;margin:0;line-height:1}.elementor-widget-heading .elementor-heading-title[class*=elementor-size-]>a{color:inherit;font-size:inherit;line-height:inherit}.elementor-widget-heading .elementor-heading-title.elementor-size-small{font-size:15px}.elementor-widget-heading .elementor-heading-title.elementor-size-medium{font-size:19px}.elementor-widget-heading .elementor-heading-title.elementor-size-large{font-size:29px}.elementor-widget-heading .elementor-heading-title.elementor-size-xl{font-size:39px}.elementor-widget-heading .elementor-heading-title.elementor-size-xxl{font-size:59px}<\/style><h2 class=\"elementor-heading-title elementor-size-default\">Le programme de <i>Voyage en Livres<\/i> 2026<\/h2>\t\t<\/div>\n\t\t\t\t<\/div>\n\t\t\t\t\t<\/div>\n\t\t<\/div>\n\t\t\t\t\t\t\t<\/div>\n\t\t<\/section>\n\t\t\t\t<section class=\"elementor-section elementor-top-section elementor-element elementor-element-e5b48d3 elementor-section-boxed elementor-section-height-default elementor-section-height-default\" data-id=\"e5b48d3\" data-element_type=\"section\">\n\t\t\t\t\t\t<div class=\"elementor-container elementor-column-gap-default\">\n\t\t\t\t\t<div class=\"elementor-column elementor-col-100 elementor-top-column elementor-element elementor-element-ce2a977\" data-id=\"ce2a977\" data-element_type=\"column\">\n\t\t\t<div class=\"elementor-widget-wrap elementor-element-populated\">\n\t\t\t\t\t\t\t\t<div class=\"elementor-element elementor-element-4ef012a elementor-widget elementor-widget-text-editor\" data-id=\"4ef012a\" data-element_type=\"widget\" data-widget_type=\"text-editor.default\">\n\t\t\t\t<div class=\"elementor-widget-container\">\n\t\t\t<style>\/*! elementor - v3.6.6 - 08-06-2022 *\/\n.elementor-widget-text-editor.elementor-drop-cap-view-stacked .elementor-drop-cap{background-color:#818a91;color:#fff}.elementor-widget-text-editor.elementor-drop-cap-view-framed .elementor-drop-cap{color:#818a91;border:3px solid;background-color:transparent}.elementor-widget-text-editor:not(.elementor-drop-cap-view-default) .elementor-drop-cap{margin-top:8px}.elementor-widget-text-editor:not(.elementor-drop-cap-view-default) .elementor-drop-cap-letter{width:1em;height:1em}.elementor-widget-text-editor .elementor-drop-cap{float:left;text-align:center;line-height:1;font-size:50px}.elementor-widget-text-editor .elementor-drop-cap-letter{display:inline-block}<\/style>\t\t\t\t<div><p>Samedi 25 avril<br \/>10h00 : Ouverture du Salon<br \/>11h00 : Inauguration officielle avec les \u00e9lus<br \/>11h00 :\u00a0<a href=\"https:\/\/www.voyageenlivres.com\/index.php\/animations\/\" target=\"_blank\" rel=\"noopener\">Lectures enfants<\/a>\u00a0(sc\u00e8ne aux enfants &#8211; dur\u00e9e 20mn)<br \/>14h00 :\u00a0<a href=\"https:\/\/www.voyageenlivres.com\/index.php\/2026\/03\/29\/atelier-ecritures-avec-coralie-mennella-2026\/\" target=\"_blank\" rel=\"noopener\">Atelier d\u2019\u00e9criture \u00ab\u00a0Explorer l\u2019art du personnage\u00a0\u00bb<\/a>, public jeune (sc\u00e8ne aux enfants &#8211; dur\u00e9e 2h)<br \/>14h30 :\u00a0<a href=\"https:\/\/www.voyageenlivres.com\/index.php\/2026\/03\/23\/rencontre-bd-en-brionnais\/\" target=\"_blank\" rel=\"noopener\">Rencontre publique autour du projet BD en Brionnais<\/a>\u00a0avec Alexandre Nesme et Herv\u00e9 Loiselet (salle d\u2019animation &#8211; dur\u00e9e 1h)<br \/>16h00 :\u00a0<a href=\"https:\/\/www.voyageenlivres.com\/index.php\/animations\/\" target=\"_blank\" rel=\"noopener\">Lectures enfants<\/a>\u00a0(sc\u00e8ne aux enfants &#8211; dur\u00e9e 20mn)<br \/>16h30 :\u00a0<a href=\"https:\/\/www.voyageenlivres.com\/index.php\/2026\/03\/23\/rencontre-avec-michka-assayas-2026\/\" target=\"_blank\" rel=\"noopener\">Rencontre publique, avec Michka Assayas<\/a>\u00a0pour un Voyage autour du rock (salle d\u2019animation &#8211; dur\u00e9e 1h)<br \/>16h30 :\u00a0<a href=\"https:\/\/www.voyageenlivres.com\/index.php\/2026\/03\/29\/atelier-dessin-avec-jeanne-sterkers-2026\/\" target=\"_blank\" rel=\"noopener\">Atelier dessin \u00ab\u00a0Cr\u00e9er son propre personnage de BD\u00a0\u00bb<\/a>, public jeune (sc\u00e8ne aux enfants &#8211; dur\u00e9e 1h30 environ)<\/p><p>Dimanche 26 avril<br \/>10h00 : Ouverture du Salon<br \/>11h00 :\u00a0<a href=\"https:\/\/www.voyageenlivres.com\/index.php\/animations\/\" target=\"_blank\" rel=\"noopener\">Lectures enfants<\/a>\u00a0(sc\u00e8ne aux enfants &#8211; dur\u00e9e 20mn)<br \/>14h30 :\u00a0<a href=\"https:\/\/www.voyageenlivres.com\/index.php\/animations\/\" target=\"_blank\" rel=\"noopener\">Lectures enfants<\/a>\u00a0(sc\u00e8ne aux enfants &#8211; dur\u00e9e 20mn)<br \/>15h00 :\u00a0<a href=\"https:\/\/www.voyageenlivres.com\/index.php\/2026\/03\/29\/atelier-philo-art-parents-enfants-2026\/\" target=\"_blank\" rel=\"noopener\">Atelier philo-art parents-enfants<\/a>\u00a0(sc\u00e8ne aux enfants &#8211; dur\u00e9e 1h30)<br \/>15h00 :\u00a0<a href=\"https:\/\/www.voyageenlivres.com\/index.php\/2026\/03\/29\/rencontre-avec-albert-algoud\/\" target=\"_blank\" rel=\"noopener\">Rencontre publique avec Albert Algoud et Michel Chandeigne<\/a>\u00a0(salle d\u2019animation &#8211; dur\u00e9e 1h environ)<br \/>16h30 :\u00a0<a href=\"https:\/\/www.voyageenlivres.com\/index.php\/2026\/03\/29\/atelier-mixte-2026\/\" target=\"_blank\" rel=\"noopener\">Atelier mixte \u00ab\u00a0D\u00e9velopper la rencontre du texte et du dessin\u00a0\u00bb<\/a>, public jeune (sc\u00e8ne aux enfants &#8211; dur\u00e9e 1h30 environ)<br \/>16h30 :\u00a0<a href=\"https:\/\/www.voyageenlivres.com\/index.php\/2026\/03\/29\/rencontre-avec-chiara-pastorini\/\" target=\"_blank\" rel=\"noopener\">Rencontre publique avec Chiara Pastorini<\/a>\u00a0(salle d\u2019animation &#8211; dur\u00e9e 1h environ)<br \/>18h00 : Cl\u00f4ture du Salon<\/p><\/div><div>\u00a0<\/div><p>Entr\u00e9e et animations gratuites<\/p><p style=\"text-align: center;\">\u00a0<\/p><p style=\"text-align: center;\">\u00a0<\/p><p style=\"text-align: center;\">\u00a0<\/p><p style=\"text-align: center;\">Programme complet \u00e0 t\u00e9l\u00e9charger\u00a0<a href=\"http:\/\/www.voyageenlivres.com\/wp-content\/uploads\/2026\/04\/COM-DP-VoyageEnLivres7.pdf\" target=\"_blank\" rel=\"noopener\">ici<\/a><\/p>\t\t\t\t\t\t<\/div>\n\t\t\t\t<\/div>\n\t\t\t\t\t<\/div>\n\t\t<\/div>\n\t\t\t\t\t\t\t<\/div>\n\t\t<\/section>\n\t\t\t\t<section class=\"elementor-section elementor-top-section elementor-element elementor-element-544153d elementor-section-boxed elementor-section-height-default elementor-section-height-default\" data-id=\"544153d\" data-element_type=\"section\">\n\t\t\t\t\t\t<div class=\"elementor-container elementor-column-gap-default\">\n\t\t\t\t\t<div class=\"elementor-column elementor-col-50 elementor-top-column elementor-element elementor-element-f5ec6b9\" data-id=\"f5ec6b9\" data-element_type=\"column\">\n\t\t\t<div class=\"elementor-widget-wrap elementor-element-populated\">\n\t\t\t\t\t\t\t\t<div class=\"elementor-element elementor-element-d80ed93 elementor-widget elementor-widget-image\" data-id=\"d80ed93\" data-element_type=\"widget\" data-widget_type=\"image.default\">\n\t\t\t\t<div class=\"elementor-widget-container\">\n\t\t\t<style>\/*! elementor - v3.6.6 - 08-06-2022 *\/\n.elementor-widget-image{text-align:center}.elementor-widget-image a{display:inline-block}.elementor-widget-image a img[src$=\".svg\"]{width:48px}.elementor-widget-image img{vertical-align:middle;display:inline-block}<\/style>\t\t\t\t\t\t\t\t\t\t\t\t<img width=\"950\" height=\"713\" src=\"https:\/\/www.voyageenlivres.com\/wp-content\/uploads\/2022\/10\/2022-04-09-VEL3-MauriceDucouret-49-1024x768.jpg\" class=\"attachment-large size-large\" alt=\"\" loading=\"lazy\" srcset=\"https:\/\/www.voyageenlivres.com\/wp-content\/uploads\/2022\/10\/2022-04-09-VEL3-MauriceDucouret-49-1024x768.jpg 1024w, https:\/\/www.voyageenlivres.com\/wp-content\/uploads\/2022\/10\/2022-04-09-VEL3-MauriceDucouret-49-300x225.jpg 300w, https:\/\/www.voyageenlivres.com\/wp-content\/uploads\/2022\/10\/2022-04-09-VEL3-MauriceDucouret-49-768x576.jpg 768w, https:\/\/www.voyageenlivres.com\/wp-content\/uploads\/2022\/10\/2022-04-09-VEL3-MauriceDucouret-49-1536x1152.jpg 1536w, https:\/\/www.voyageenlivres.com\/wp-content\/uploads\/2022\/10\/2022-04-09-VEL3-MauriceDucouret-49-2048x1536.jpg 2048w, https:\/\/www.voyageenlivres.com\/wp-content\/uploads\/2022\/10\/2022-04-09-VEL3-MauriceDucouret-49-2000x1500.jpg 2000w\" sizes=\"100vw\" \/>\t\t\t\t\t\t\t\t\t\t\t\t\t\t\t<\/div>\n\t\t\t\t<\/div>\n\t\t\t\t\t<\/div>\n\t\t<\/div>\n\t\t\t\t<div class=\"elementor-column elementor-col-50 elementor-top-column elementor-element elementor-element-b6e53eb\" data-id=\"b6e53eb\" data-element_type=\"column\">\n\t\t\t<div class=\"elementor-widget-wrap elementor-element-populated\">\n\t\t\t\t\t\t\t\t<div class=\"elementor-element elementor-element-f49cb0e elementor-widget elementor-widget-image\" data-id=\"f49cb0e\" data-element_type=\"widget\" data-widget_type=\"image.default\">\n\t\t\t\t<div class=\"elementor-widget-container\">\n\t\t\t\t\t\t\t\t\t\t\t\t\t\t\t<img width=\"950\" height=\"713\" src=\"https:\/\/www.voyageenlivres.com\/wp-content\/uploads\/2024\/02\/COM-2022-04-10A-sceneauxenfants-MauriceDucouret-1-1024x768.jpg\" class=\"attachment-large size-large\" alt=\"\" loading=\"lazy\" srcset=\"https:\/\/www.voyageenlivres.com\/wp-content\/uploads\/2024\/02\/COM-2022-04-10A-sceneauxenfants-MauriceDucouret-1-1024x768.jpg 1024w, https:\/\/www.voyageenlivres.com\/wp-content\/uploads\/2024\/02\/COM-2022-04-10A-sceneauxenfants-MauriceDucouret-1-300x225.jpg 300w, https:\/\/www.voyageenlivres.com\/wp-content\/uploads\/2024\/02\/COM-2022-04-10A-sceneauxenfants-MauriceDucouret-1-768x576.jpg 768w, https:\/\/www.voyageenlivres.com\/wp-content\/uploads\/2024\/02\/COM-2022-04-10A-sceneauxenfants-MauriceDucouret-1-1536x1152.jpg 1536w, https:\/\/www.voyageenlivres.com\/wp-content\/uploads\/2024\/02\/COM-2022-04-10A-sceneauxenfants-MauriceDucouret-1-2048x1536.jpg 2048w, https:\/\/www.voyageenlivres.com\/wp-content\/uploads\/2024\/02\/COM-2022-04-10A-sceneauxenfants-MauriceDucouret-1-2000x1500.jpg 2000w\" sizes=\"100vw\" \/>\t\t\t\t\t\t\t\t\t\t\t\t\t\t\t<\/div>\n\t\t\t\t<\/div>\n\t\t\t\t\t<\/div>\n\t\t<\/div>\n\t\t\t\t\t\t\t<\/div>\n\t\t<\/section>\n\t\t\t\t<section class=\"elementor-section elementor-top-section elementor-element elementor-element-98c6094 elementor-section-boxed elementor-section-height-default elementor-section-height-default\" data-id=\"98c6094\" data-element_type=\"section\">\n\t\t\t\t\t\t<div class=\"elementor-container elementor-column-gap-default\">\n\t\t\t\t\t<div class=\"elementor-column elementor-col-100 elementor-top-column elementor-element elementor-element-38b60db\" data-id=\"38b60db\" data-element_type=\"column\">\n\t\t\t<div class=\"elementor-widget-wrap elementor-element-populated\">\n\t\t\t\t\t\t\t\t<div class=\"elementor-element elementor-element-c42626a elementor-widget elementor-widget-text-editor\" data-id=\"c42626a\" data-element_type=\"widget\" data-widget_type=\"text-editor.default\">\n\t\t\t\t<div class=\"elementor-widget-container\">\n\t\t\t\t\t\t\t<p style=\"text-align: center;\"><span style=\"mso-bidi-font-size: 10.0pt; mso-bidi-font-weight: normal;\">Entr\u00e9e et animations gratuites<\/span><\/p>\t\t\t\t\t\t<\/div>\n\t\t\t\t<\/div>\n\t\t\t\t\t<\/div>\n\t\t<\/div>\n\t\t\t\t\t\t\t<\/div>\n\t\t<\/section>\n\t\t\t\t<section class=\"elementor-section elementor-top-section elementor-element elementor-element-6b8107a elementor-section-boxed elementor-section-height-default elementor-section-height-default\" data-id=\"6b8107a\" data-element_type=\"section\">\n\t\t\t\t\t\t<div class=\"elementor-container elementor-column-gap-default\">\n\t\t\t\t\t<div class=\"elementor-column elementor-col-33 elementor-top-column elementor-element elementor-element-9c4c1d1\" data-id=\"9c4c1d1\" data-element_type=\"column\">\n\t\t\t<div class=\"elementor-widget-wrap elementor-element-populated\">\n\t\t\t\t\t\t\t\t<div class=\"elementor-element elementor-element-7af81d9 elementor-widget elementor-widget-image\" data-id=\"7af81d9\" data-element_type=\"widget\" data-widget_type=\"image.default\">\n\t\t\t\t<div class=\"elementor-widget-container\">\n\t\t\t\t\t\t\t\t\t\t\t\t\t\t\t<img width=\"950\" height=\"713\" src=\"https:\/\/www.voyageenlivres.com\/wp-content\/uploads\/2024\/02\/vel5-webcom2-1024x768.jpg\" class=\"attachment-large size-large\" alt=\"\" loading=\"lazy\" srcset=\"https:\/\/www.voyageenlivres.com\/wp-content\/uploads\/2024\/02\/vel5-webcom2-1024x768.jpg 1024w, https:\/\/www.voyageenlivres.com\/wp-content\/uploads\/2024\/02\/vel5-webcom2-300x225.jpg 300w, https:\/\/www.voyageenlivres.com\/wp-content\/uploads\/2024\/02\/vel5-webcom2-768x576.jpg 768w, https:\/\/www.voyageenlivres.com\/wp-content\/uploads\/2024\/02\/vel5-webcom2.jpg 1200w\" sizes=\"100vw\" \/>\t\t\t\t\t\t\t\t\t\t\t\t\t\t\t<\/div>\n\t\t\t\t<\/div>\n\t\t\t\t\t<\/div>\n\t\t<\/div>\n\t\t\t\t<div class=\"elementor-column elementor-col-33 elementor-top-column elementor-element elementor-element-285abf0\" data-id=\"285abf0\" data-element_type=\"column\">\n\t\t\t<div class=\"elementor-widget-wrap elementor-element-populated\">\n\t\t\t\t\t\t\t\t<div class=\"elementor-element elementor-element-a5f03c2 elementor-widget elementor-widget-image\" data-id=\"a5f03c2\" data-element_type=\"widget\" data-widget_type=\"image.default\">\n\t\t\t\t<div class=\"elementor-widget-container\">\n\t\t\t\t\t\t\t\t\t\t\t\t\t\t\t<img width=\"950\" height=\"713\" src=\"https:\/\/www.voyageenlivres.com\/wp-content\/uploads\/2024\/02\/vel5-webcom3-1024x768.jpg\" class=\"attachment-large size-large\" alt=\"\" loading=\"lazy\" srcset=\"https:\/\/www.voyageenlivres.com\/wp-content\/uploads\/2024\/02\/vel5-webcom3-1024x768.jpg 1024w, https:\/\/www.voyageenlivres.com\/wp-content\/uploads\/2024\/02\/vel5-webcom3-300x225.jpg 300w, https:\/\/www.voyageenlivres.com\/wp-content\/uploads\/2024\/02\/vel5-webcom3-768x576.jpg 768w, https:\/\/www.voyageenlivres.com\/wp-content\/uploads\/2024\/02\/vel5-webcom3.jpg 1200w\" sizes=\"100vw\" \/>\t\t\t\t\t\t\t\t\t\t\t\t\t\t\t<\/div>\n\t\t\t\t<\/div>\n\t\t\t\t\t<\/div>\n\t\t<\/div>\n\t\t\t\t<div class=\"elementor-column elementor-col-33 elementor-top-column elementor-element elementor-element-3069ebc\" data-id=\"3069ebc\" data-element_type=\"column\">\n\t\t\t<div class=\"elementor-widget-wrap elementor-element-populated\">\n\t\t\t\t\t\t\t\t<div class=\"elementor-element elementor-element-3820bb9 elementor-widget elementor-widget-image\" data-id=\"3820bb9\" data-element_type=\"widget\" data-widget_type=\"image.default\">\n\t\t\t\t<div class=\"elementor-widget-container\">\n\t\t\t\t\t\t\t\t\t\t\t\t\t\t\t<img width=\"950\" height=\"713\" src=\"https:\/\/www.voyageenlivres.com\/wp-content\/uploads\/2024\/02\/vel5-webcom4-1024x768.jpg\" class=\"attachment-large size-large\" alt=\"\" loading=\"lazy\" srcset=\"https:\/\/www.voyageenlivres.com\/wp-content\/uploads\/2024\/02\/vel5-webcom4-1024x768.jpg 1024w, https:\/\/www.voyageenlivres.com\/wp-content\/uploads\/2024\/02\/vel5-webcom4-300x225.jpg 300w, https:\/\/www.voyageenlivres.com\/wp-content\/uploads\/2024\/02\/vel5-webcom4-768x576.jpg 768w, https:\/\/www.voyageenlivres.com\/wp-content\/uploads\/2024\/02\/vel5-webcom4.jpg 1200w\" sizes=\"100vw\" \/>\t\t\t\t\t\t\t\t\t\t\t\t\t\t\t<\/div>\n\t\t\t\t<\/div>\n\t\t\t\t\t<\/div>\n\t\t<\/div>\n\t\t\t\t\t\t\t<\/div>\n\t\t<\/section>\n\t\t\t\t\t\t\t<\/div>\n\t\t","protected":false},"excerpt":{"rendered":"<p>Le programme de Voyage en Livres 2026 Samedi 25 avril10h00 : Ouverture du Salon11h00 : Inauguration officielle avec les \u00e9lus11h00 :\u00a0Lectures enfants\u00a0(sc\u00e8ne aux enfants &#8211; dur\u00e9e 20mn)14h00 :\u00a0Atelier d\u2019\u00e9criture \u00ab\u00a0Explorer l\u2019art du personnage\u00a0\u00bb, public jeune (sc\u00e8ne aux enfants &#8211; dur\u00e9e 2h)14h30 :\u00a0Rencontre publique autour du projet BD en Brionnais\u00a0avec Alexandre Nesme et Herv\u00e9 Loiselet (salle &hellip; <\/p>\n<p class=\"link-more\"><a href=\"https:\/\/www.voyageenlivres.com\/index.php\/programme\/\" class=\"more-link\">Lire la suite de<span class=\"screen-reader-text\">\u00ab\u00a0Programme\u00a0\u00bb<\/span><\/a><\/p>\n","protected":false},"author":1,"featured_media":0,"parent":0,"menu_order":0,"comment_status":"closed","ping_status":"closed","template":"","meta":[],"_links":{"self":[{"href":"https:\/\/www.voyageenlivres.com\/index.php\/wp-json\/wp\/v2\/pages\/15"}],"collection":[{"href":"https:\/\/www.voyageenlivres.com\/index.php\/wp-json\/wp\/v2\/pages"}],"about":[{"href":"https:\/\/www.voyageenlivres.com\/index.php\/wp-json\/wp\/v2\/types\/page"}],"author":[{"embeddable":true,"href":"https:\/\/www.voyageenlivres.com\/index.php\/wp-json\/wp\/v2\/users\/1"}],"replies":[{"embeddable":true,"href":"https:\/\/www.voyageenlivres.com\/index.php\/wp-json\/wp\/v2\/comments?post=15"}],"version-history":[{"count":325,"href":"https:\/\/www.voyageenlivres.com\/index.php\/wp-json\/wp\/v2\/pages\/15\/revisions"}],"predecessor-version":[{"id":6233,"href":"https:\/\/www.voyageenlivres.com\/index.php\/wp-json\/wp\/v2\/pages\/15\/revisions\/6233"}],"wp:attachment":[{"href":"https:\/\/www.voyageenlivres.com\/index.php\/wp-json\/wp\/v2\/media?parent=15"}],"curies":[{"name":"wp","href":"https:\/\/api.w.org\/{rel}","templated":true}]}}